{"id":9733,"date":"2023-10-21T20:32:23","date_gmt":"2023-10-21T18:32:23","guid":{"rendered":"https:\/\/kfi2.zcu.cz\/?page_id=9733"},"modified":"2023-10-28T22:38:58","modified_gmt":"2023-10-28T20:38:58","slug":"practical-information","status":"publish","type":"page","link":"https:\/\/kfi.zcu.cz\/en\/students\/practical-information\/","title":{"rendered":"Practical Information"},"content":{"rendered":"<p>[et_pb_section fb_built=&#8221;1&#8243; fullwidth=&#8221;on&#8221; disabled_on=&#8221;on|off|off&#8221; _builder_version=&#8221;4.16&#8243; background_color=&#8221;#f2f5fa&#8221; custom_margin=&#8221;0px||0px&#8221; custom_padding=&#8221;0||0||true|false&#8221; saved_tabs=&#8221;all&#8221; global_colors_info=&#8221;{}&#8221;][et_pb_fullwidth_menu menu_id=&#8221;241&#8243; submenu_direction=&#8221;downwards&#8221; fullwidth_menu=&#8221;off&#8221; active_link_color=&#8221;#173868&#8243; _builder_version=&#8221;4.22.2&#8243; menu_font=&#8221;Roboto Condensed|700||on|||||&#8221; menu_text_color=&#8221;#8099B4&#8243; background_color=&#8221;#FFFFFF&#8221; custom_margin=&#8221;0px||0px&#8221; custom_padding=&#8221;0px||0px&#8221; z_index_tablet=&#8221;500&#8243; global_colors_info=&#8221;{}&#8221; menu_text_color__hover_enabled=&#8221;on|desktop&#8221; menu_text_color__hover=&#8221;#173868&#8243;][\/et_pb_fullwidth_menu][\/et_pb_section][et_pb_section fb_built=&#8221;1&#8243; _builder_version=&#8221;4.16&#8243; background_color=&#8221;#f2f5fa&#8221; background_enable_image=&#8221;off&#8221; custom_padding=&#8221;0px||0px|||&#8221; saved_tabs=&#8221;all&#8221; global_colors_info=&#8221;{}&#8221;][et_pb_row _builder_version=&#8221;4.16&#8243; background_color=&#8221;#f2f5fa&#8221; min_height=&#8221;13px&#8221; custom_margin=&#8221;0px||0px||true&#8221; custom_padding=&#8221;5px||5px||true|&#8221; global_colors_info=&#8221;{}&#8221;][et_pb_column type=&#8221;4_4&#8243; _builder_version=&#8221;4.16&#8243; custom_padding=&#8221;|||&#8221; global_colors_info=&#8221;{}&#8221; custom_padding__hover=&#8221;|||&#8221;][et_pb_dmb_breadcrumbs font_icon=&#8221;%%20%%&#8221; use_home_text=&#8221;on&#8221; home_text=&#8221;\u00davod&#8221; show_category_crumbs=&#8221;off&#8221; show_custom_taxonomy_crumbs=&#8221;off&#8221; _builder_version=&#8221;4.16&#8243; body_font=&#8221;||||||||&#8221; body_text_color=&#8221;#8099b4&#8243; body_font_size=&#8221;12px&#8221; body_line_height=&#8221;16px&#8221; separator_text_color=&#8221;#8099b4&#8243; separator_font_size=&#8221;16px&#8221; separator_line_height=&#8221;16px&#8221; link_font=&#8221;||||||||&#8221; link_text_color=&#8221;#09b6d7&#8243; link_font_size=&#8221;12px&#8221; link_line_height=&#8221;16px&#8221; linkhover_font=&#8221;||||||||&#8221; custom_margin=&#8221;0px||0px||true&#8221; custom_padding=&#8221;4px||3px||false&#8221; global_colors_info=&#8221;{}&#8221;][\/et_pb_dmb_breadcrumbs][\/et_pb_column][\/et_pb_row][\/et_pb_section][et_pb_section fb_built=&#8221;1&#8243; _builder_version=&#8221;4.22.2&#8243; background_color=&#8221;#f2f5fa&#8221; custom_padding=&#8221;30px|0px|30px|0px|false|false&#8221; hover_enabled=&#8221;0&#8243; global_colors_info=&#8221;{}&#8221; sticky_enabled=&#8221;0&#8243;][et_pb_row module_id=&#8221;intro&#8221; _builder_version=&#8221;4.16&#8243; custom_margin=&#8221;0px||0px||true|true&#8221; custom_margin_tablet=&#8221;&#8221; custom_margin_phone=&#8221;15px||5px&#8221; custom_margin_last_edited=&#8221;on|desktop&#8221; custom_padding=&#8221;10px||10px||false|true&#8221; global_colors_info=&#8221;{}&#8221;][et_pb_column type=&#8221;4_4&#8243; _builder_version=&#8221;4.16&#8243; custom_padding=&#8221;|||&#8221; global_colors_info=&#8221;{}&#8221; custom_padding__hover=&#8221;|||&#8221;][et_pb_text _builder_version=&#8221;4.22.2&#8243; text_font=&#8221;||||||||&#8221; header_font=&#8221;Roboto Condensed|||on|||||&#8221; header_text_align=&#8221;center&#8221; header_text_color=&#8221;#8099b4&#8243; header_font_size=&#8221;40px&#8221; header_line_height=&#8221;1.4em&#8221; header_2_font=&#8221;Roboto Condensed|||on|||||&#8221; header_2_text_align=&#8221;center&#8221; header_2_text_color=&#8221;#8099b4&#8243; header_2_font_size=&#8221;40px&#8221; header_2_line_height=&#8221;1.4em&#8221; custom_margin=&#8221;||&#8221; custom_padding=&#8221;||&#8221; header_font_size_tablet=&#8221;35px&#8221; header_font_size_phone=&#8221;30px&#8221; header_font_size_last_edited=&#8221;on|desktop&#8221; header_line_height_tablet=&#8221;40px&#8221; header_line_height_phone=&#8221;35px&#8221; header_line_height_last_edited=&#8221;on|phone&#8221; header_2_font_size_tablet=&#8221;35px&#8221; header_2_font_size_phone=&#8221;30px&#8221; header_2_font_size_last_edited=&#8221;on|desktop&#8221; header_2_line_height_tablet=&#8221;40px&#8221; header_2_line_height_phone=&#8221;35px&#8221; header_2_line_height_last_edited=&#8221;on|phone&#8221; locked=&#8221;off&#8221; global_colors_info=&#8221;{}&#8221;]<\/p>\n<h1>Practical Information<\/h1>\n<p>[\/et_pb_text][\/et_pb_column][\/et_pb_row][et_pb_row use_custom_gutter=&#8221;on&#8221; gutter_width=&#8221;2&#8243; make_equal=&#8221;on&#8221; custom_padding_last_edited=&#8221;on|phone&#8221; _builder_version=&#8221;4.16&#8243; background_color=&#8221;#ffffff&#8221; custom_margin=&#8221;15px||15px||true&#8221; custom_padding=&#8221;40px|50px|40px|50px|true|true&#8221; custom_padding_tablet=&#8221;&#8221; custom_padding_phone=&#8221;20px|20px|20px|20px|true|true&#8221; locked=&#8221;off&#8221; global_colors_info=&#8221;{}&#8221;][et_pb_column type=&#8221;4_4&#8243; _builder_version=&#8221;4.16&#8243; custom_padding=&#8221;|||&#8221; global_colors_info=&#8221;{}&#8221; custom_padding__hover=&#8221;|||&#8221;][et_pb_text _builder_version=&#8221;4.22.2&#8243; text_font=&#8221;||||||||&#8221; header_3_font=&#8221;Roboto Condensed|700||on|||||&#8221; header_3_text_color=&#8221;#8099b4&#8243; header_3_font_size=&#8221;26px&#8221; header_3_line_height=&#8221;1.2em&#8221; header_3_font_size_tablet=&#8221;24px&#8221; header_3_font_size_phone=&#8221;22px&#8221; header_3_font_size_last_edited=&#8221;on|tablet&#8221; header_3_line_height_tablet=&#8221;1.2em&#8221; header_3_line_height_phone=&#8221;1.2em&#8221; header_3_line_height_last_edited=&#8221;on|desktop&#8221; global_colors_info=&#8221;{}&#8221;]<\/p>\n<h3>How to get here?<\/h3>\n<p>By train:<br \/>By train you can get to Pilsen according to timetables which you can find at idos.cz or cd.cz. The main train station is within walking distance of the city center, but it is possible to use public transport for faster transfer. From the train station you can reach the tram stop Hlavn\u00ed n\u00e1dra\u017e\u00ed through the tunnel (direction city center). From there trams No. 1 (direction Bolevec) and 2 (direction Skvr\u0148any) depart at frequent intervals to the tram stop Hlavn\u00ed po\u0161ta, the post office close to the department.<\/p>\n<p>By bus:<br \/>By bus you can get to Pilsen according to timetables which you can find at idos.cz. The central bus station is within walking distance of the city center, but it is possible to use public transport for faster transfer. From the bus station you can reach the tram stop CAN, Skvr\u0148ansk\u00e1, by going through the tunnel. From there, tram No. 2 (direction Sv\u011btovar) departs at frequent intervals to Sady p\u011btat\u0159ic\u00e1tn\u00edk\u016f which close to the department.<\/p>\n<p>By car:<br \/>For parking in the city center, it is most convenient to use the large parking deck Rycht\u00e1\u0159ka (paid parking see parkingplzen.cz), from where you can walk to the center via Roosevelt Bridge.<\/p>\n<h3>Public transport in Pilsen<\/h3>\n<p>Visitors to Pilsen, who have a Czech mobile phone number, can use SMS tickets for the public transport. This service allows you to choose between a 35-minute, a 65-minute and a 24-hour transfer ticket (20, &#8211; \/ 38, &#8211; \/ 70, &#8211; CZK). More information at pmdp.cz. You can also buy a non-stop ticket from the driver (30,- CZK) or at special terminals in buses and trams that accept all standard credit cards (16,- CZK). For long-term stays, it is better to buy a Pilsen card. More information at plzenskakarta.eu.<\/p>\n<p>Below, you will find all courses offered by the Department of Philosophy to foreign students taking part in the Erasmus+ program.<\/p>\n<h3>Accommodation in Pilsen<\/h3>\n<p>University of West Bohemia offers accommodation in its dormitories. It offers rooms with different levels of comfort. However, the dormitories are not situated in the city center making it longer to travel by public transport. Specific information is available here. In the city center, there are several bread and breakfasts such as Pension City, Pension Solni, Pension U Salzmann\u016f, Pension Wallis. For more comfort, you can choose a hotel such as Hotel Central, Marriott Hotel, Angelo or Gondola.<\/p>\n<h3>Eating out<\/h3>\n<p>Pilsner beer is the best. No doubt! <a href=\"https:\/\/www.prazdroj.cz\/en\" rel=\"noopener\">https:\/\/www.prazdroj.cz\/en<\/a>.\u00a0<\/p>\n<p>From taverns, slabs of fried cheese and cans of Bohemian brews to Italian restaurants with Mediterranean cuisine, there is a range of restaurants in Pilsen.<\/p>\n<p>Na Spilce &#8211; <a href=\"http:\/\/www.naspilce.com\/cz\" rel=\"noopener\">http:\/\/www.naspilce.com\/cz<\/a>\u00a0<br \/>For beer lovers and purveyors of Czech cuisine, Na Spilce is a must when in Pilsen. The largest gastropub in all Bohemia, the 550-seat establishment flows over with the aromas of packed potato dumplings, spicy Slavic goulash, and bubbling venison stews. Specialties include more experimental twists on the local cuisine, such as pork cuts doused in Na Splice\u2019s dark-beer sauce. Inside, the decor is every inch the historic brewing house, with vaulted ceilings and copper beer casks.<\/p>\n<p>Na Park\u00e1nu &#8211; <a href=\"http:\/\/www.naparkanu.com\/cz\" rel=\"noopener\">http:\/\/www.naparkanu.com\/cz<\/a>\u00a0<br \/>Visitors coming fresh from the fascinating exhibitions of the adjoining Brewery Museum will find their way easily into Na Park\u00e1nu. This is a traditional Czech beer joint, which sits nestled between the historic fa\u00e7ades of the 19th-century municipal malt house on the end of pretty Veleslav\u00ednova Street. In the early 2000s, the entire place underwent a massive refurbishment, giving it its current, cozy interior of dark timber panels and vaulted arches. Most people hit Na Park\u00e1nu for the beers, but the food is also great, with a huge range of smoked meats, fresh salads and classic Czech staples to enjoy. We can also offer you small Pappa Coffee.<\/p>\n<p>U Mansfelda &#8211; <a href=\"http:\/\/www.umansfelda.cz\" rel=\"noopener\">http:\/\/www.umansfelda.cz<\/a>\u00a0<br \/>Touting a menu that changes daily, and plenty of Pilsner Urquell, U Mansfelda is one of the city\u2019s great gastropubs. The interior oozes a stripped-down charm, with its wood paneled walls and white-washed ceilings. Meanwhile, the bar is done out with all the ubiquitous micro-brewery adornments: from the copper casks to the endless array of beer taps. In the summer, U Mansfelda also spills out onto its own al-fresco terrace, offering views over the pretty Safarik\u2019s Orchards and the red-tiled roofs of the Pilsen old town.<\/p>\n<h3>Sport and leisure facilities<\/h3>\n<p>The city of Pilsen, as well as UWB itself, provides plenty of opportunities for students interested in sport and leisure activities. Here are some options:<\/p>\n<h4>Sport<\/h4>\n<p>Gym and fitness training is available at the university campus in Bory and and at the dormitories.<br \/>Swimming pools: Lochot\u00edn (Sokolovsk\u00e1 46, Pilsen, open daily), Slovany (n\u00e1m. Gener\u00e1la P\u00edky 42, Pilsen, open daily)<br \/>City sports hall (TJ Lokomotiva), \u00daslavsk\u00e1 75, Pilsen; for a complete list of events (both social and sports events) go to http:\/\/www.tjloko-plzen.cz.<br \/>Sports premises TJ Sl\u00e1vie V\u0160 (U Borsk\u00e9ho parku 21, Pilsen)<br \/>Football stadium (\u0160truncovy sady 3, Pilsen), ice stadium (\u0160tef\u00e1nikovo n\u00e1m. 1, Pilsen)<\/p>\n<h4>Leisure<\/h4>\n<p>Cinema: CineStar Plze\u0148, CimenaCity, Kino Beseda, Summer Cinema),<br \/>Theater: Divadlo J. K. Tyla &#8211; Velk\u00e9 divadlo, Komorn\u00ed Divadlo; Nov\u00e1 Sc\u00e9na, Mal\u00e1 Sc\u00e9na; Divadlo Alfa, Divadlo \u010cas, Divadlo Dialog, Divadlo Miroslava Horn\u00ed\u010dka, Divadlo pod Lampou),<br \/>University clubs: V\u0160 club Bastila, V\u0160 club Pivo\u0148ka, V\u0160 club Studna, V\u0160 club Ucho, V\u0160 club Ostrov Naporo, Univerzitn\u00ed Kav\u00e1rna Dru\u017eba.<\/p>\n<h4>Museums and other sightseeing<\/h4>\n<p>\u0160koda Museum, Korandova 6, Plze\u0148; Westbohemian Museum, Kopeck\u00e9ho sady 2, Plze\u0148; Brewery Museum, Veleslav\u00ednova 6, Plze\u0148; Diec\u00e9zn\u00ed muzeum Franti\u0161k\u00e1nsk\u00e1 11, Plze\u0148.<br \/>Pilsen Historical Underground; Patton Memorial Pilsen; Pam\u00e1tn\u00edk ob\u011btem zla.<br \/>Galleries: Univerzitn\u00ed galerie, Galerie nad schody, Z\u00e1pado\u010desk\u00e1 galerie.<br \/>Zoo and botanical garden in Pilsen.<br \/>Techmania Science Centre.<\/p>\n<p>More information about cultural events in Pilsen at <a href=\"http:\/\/www.pilsen.eu\/en\" rel=\"noopener\">http:\/\/www.pilsen.eu\/en<\/a>. A visit to the Pilsen Information Center is recommended (N\u00e1m\u011bst\u00ed Republiky 41, Pilsen).<\/p>\n<p>[\/et_pb_text][\/et_pb_column][\/et_pb_row][\/et_pb_section][et_pb_section fb_built=&#8221;1&#8243; _builder_version=&#8221;4.22.2&#8243; _module_preset=&#8221;default&#8221; background_color=&#8221;#f2f5fa&#8221; background_enable_color=&#8221;off&#8221; background_image=&#8221;https:\/\/kfi.zcu.cz\/wp-content\/uploads\/2022\/07\/faris-mohammed-d30sszrw7vw-unsplash-scaled.jpg&#8221; width=&#8221;100%&#8221; max_width=&#8221;1180px&#8221; module_alignment=&#8221;center&#8221; custom_margin=&#8221;20px|0px|20px|0px|true|false&#8221; custom_padding=&#8221;0px|0px|0px|0px|false|false&#8221; saved_tabs=&#8221;all&#8221; global_colors_info=&#8221;{}&#8221; global_module=&#8221;10527&#8243; theme_builder_area=&#8221;post_content&#8221;][et_pb_row column_structure=&#8221;1_3,1_3,1_3&#8243; use_custom_gutter=&#8221;on&#8221; gutter_width=&#8221;1&#8243; make_equal=&#8221;on&#8221; padding_top_bottom_link_1=&#8221;true&#8221; padding_top_bottom_link_2=&#8221;true&#8221; padding_top_bottom_link_3=&#8221;true&#8221; module_class=&#8221;blue-col&#8221; _builder_version=&#8221;4.16&#8243; background_enable_image=&#8221;off&#8221; width=&#8221;100%&#8221; custom_padding=&#8221;0px|0px|0px|0px|false|false&#8221; global_colors_info=&#8221;{}&#8221; theme_builder_area=&#8221;post_content&#8221;][et_pb_column type=&#8221;1_3&#8243; _builder_version=&#8221;4.22.2&#8243; background_color=&#8221;rgba(9,182,215,0.8)&#8221; background_color_gradient_start=&#8221;rgba(0,162,226,0.7)&#8221; background_color_gradient_end=&#8221;rgba(0,162,226,0.7)&#8221; background_enable_image=&#8221;off&#8221; custom_padding=&#8221;50px||25px||false|false&#8221; link_option_url=&#8221;\/en\/students\/programs\/bachelor&#8221; border_width_all=&#8221;2px&#8221; border_color_all=&#8221;#f2f5fa&#8221; global_colors_info=&#8221;{}&#8221; custom_padding__hover=&#8221;|||&#8221; theme_builder_area=&#8221;post_content&#8221;][et_pb_text _builder_version=&#8221;4.22.2&#8243; text_font=&#8221;||||||||&#8221; text_font_size=&#8221;15px&#8221; header_font=&#8221;||||||||&#8221; header_3_font=&#8221;Roboto Condensed|700||on|on||||&#8221; header_3_text_align=&#8221;center&#8221; header_3_text_color=&#8221;#ffffff&#8221; header_3_font_size=&#8221;26px&#8221; header_3_line_height=&#8221;1.2em&#8221; text_orientation=&#8221;center&#8221; background_layout=&#8221;dark&#8221; min_height=&#8221;80px&#8221; custom_margin=&#8221;10px|20px||20px|false|true&#8221; custom_padding=&#8221;||&#8221; global_colors_info=&#8221;{}&#8221; header_3_text_color__hover=&#8221;rgba(255,255,255,0.9)&#8221; header_3_text_color__hover_enabled=&#8221;on&#8221; theme_builder_area=&#8221;post_content&#8221;]<\/p>\n<h3><a href=\"\/en\/students\/programs\/bachelor\">Bachelor&#8217;s programs<\/a><\/h3>\n<p>[\/et_pb_text][\/et_pb_column][et_pb_column type=&#8221;1_3&#8243; _builder_version=&#8221;4.22.2&#8243; background_color=&#8221;rgba(9,182,215,0.8)&#8221; background_color_gradient_start=&#8221;rgba(0,162,226,0.7)&#8221; background_color_gradient_end=&#8221;rgba(0,162,226,0.7)&#8221; background_enable_image=&#8221;off&#8221; custom_padding=&#8221;50px||25px||false|false&#8221; link_option_url=&#8221;\/en\/students\/programs\/master&#8221; border_width_all=&#8221;2px&#8221; border_color_all=&#8221;#f2f5fa&#8221; global_colors_info=&#8221;{}&#8221; custom_padding__hover=&#8221;|||&#8221; theme_builder_area=&#8221;post_content&#8221;][et_pb_text _builder_version=&#8221;4.22.2&#8243; text_font=&#8221;||||||||&#8221; text_font_size=&#8221;15px&#8221; header_font=&#8221;||||||||&#8221; header_3_font=&#8221;Roboto Condensed|700||on|on||||&#8221; header_3_text_align=&#8221;center&#8221; header_3_text_color=&#8221;#ffffff&#8221; header_3_font_size=&#8221;26px&#8221; header_3_line_height=&#8221;1.2em&#8221; text_orientation=&#8221;center&#8221; background_layout=&#8221;dark&#8221; min_height=&#8221;80px&#8221; custom_margin=&#8221;10px|20px||20px|false|true&#8221; custom_padding=&#8221;||&#8221; global_colors_info=&#8221;{}&#8221; header_3_text_color__hover=&#8221;rgba(255,255,255,0.9)&#8221; header_3_text_color__hover_enabled=&#8221;on&#8221; theme_builder_area=&#8221;post_content&#8221;]<\/p>\n<h3><a href=\"\/en\/students\/programs\/master\">Master&#8217;s programs<\/a><\/h3>\n<p>[\/et_pb_text][\/et_pb_column][et_pb_column type=&#8221;1_3&#8243; _builder_version=&#8221;4.22.2&#8243; background_color=&#8221;rgba(9,182,215,0.8)&#8221; background_color_gradient_start=&#8221;rgba(0,162,226,0.7)&#8221; background_color_gradient_end=&#8221;rgba(0,162,226,0.7)&#8221; background_enable_image=&#8221;off&#8221; custom_padding=&#8221;50px||25px||false|false&#8221; link_option_url=&#8221;\/en\/students\/programs\/doctoral-program&#8221; border_width_all=&#8221;2px&#8221; border_color_all=&#8221;#f2f5fa&#8221; global_colors_info=&#8221;{}&#8221; custom_padding__hover=&#8221;|||&#8221; theme_builder_area=&#8221;post_content&#8221;][et_pb_text _builder_version=&#8221;4.22.2&#8243; text_font=&#8221;||||||||&#8221; text_font_size=&#8221;15px&#8221; header_font=&#8221;||||||||&#8221; header_3_font=&#8221;Roboto Condensed|700||on|on||||&#8221; header_3_text_align=&#8221;center&#8221; header_3_text_color=&#8221;#ffffff&#8221; header_3_font_size=&#8221;26px&#8221; header_3_line_height=&#8221;1.2em&#8221; text_orientation=&#8221;center&#8221; background_layout=&#8221;dark&#8221; min_height=&#8221;80px&#8221; custom_margin=&#8221;10px|20px||20px|false|true&#8221; custom_padding=&#8221;||&#8221; global_colors_info=&#8221;{}&#8221; header_3_text_color__hover=&#8221;rgba(255,255,255,0.9)&#8221; header_3_text_color__hover_enabled=&#8221;on&#8221; theme_builder_area=&#8221;post_content&#8221;]<\/p>\n<h3><a href=\"\/en\/students\/programs\/doctoral-program\">Doctoral program<\/a><\/h3>\n<p>[\/et_pb_text][\/et_pb_column][\/et_pb_row][et_pb_row column_structure=&#8221;1_3,1_3,1_3&#8243; use_custom_gutter=&#8221;on&#8221; gutter_width=&#8221;1&#8243; make_equal=&#8221;on&#8221; padding_top_bottom_link_1=&#8221;true&#8221; padding_top_bottom_link_2=&#8221;true&#8221; padding_top_bottom_link_3=&#8221;true&#8221; module_class=&#8221;blue-col&#8221; _builder_version=&#8221;4.16&#8243; background_enable_image=&#8221;off&#8221; width=&#8221;100%&#8221; custom_padding=&#8221;0px|0px|0px|0px|false|false&#8221; global_colors_info=&#8221;{}&#8221; theme_builder_area=&#8221;post_content&#8221;][et_pb_column type=&#8221;1_3&#8243; _builder_version=&#8221;4.22.2&#8243; background_color=&#8221;rgba(9,182,215,0.8)&#8221; background_color_gradient_start=&#8221;rgba(0,162,226,0.7)&#8221; background_color_gradient_end=&#8221;rgba(0,162,226,0.7)&#8221; background_enable_image=&#8221;off&#8221; custom_padding=&#8221;50px||25px||false|false&#8221; link_option_url=&#8221;\/en\/students\/erasmus-courses\/&#8221; border_width_all=&#8221;2px&#8221; border_color_all=&#8221;#f2f5fa&#8221; global_colors_info=&#8221;{}&#8221; custom_padding__hover=&#8221;|||&#8221; theme_builder_area=&#8221;post_content&#8221;][et_pb_text _builder_version=&#8221;4.22.2&#8243; text_font=&#8221;||||||||&#8221; text_font_size=&#8221;15px&#8221; header_font=&#8221;||||||||&#8221; header_3_font=&#8221;Roboto Condensed|700||on|on||||&#8221; header_3_text_align=&#8221;center&#8221; header_3_text_color=&#8221;#ffffff&#8221; header_3_font_size=&#8221;26px&#8221; header_3_line_height=&#8221;1.2em&#8221; text_orientation=&#8221;center&#8221; background_layout=&#8221;dark&#8221; min_height=&#8221;80px&#8221; custom_margin=&#8221;10px|20px||20px|false|true&#8221; custom_padding=&#8221;||&#8221; global_colors_info=&#8221;{}&#8221; header_3_text_color__hover=&#8221;rgba(255,255,255,0.9)&#8221; header_3_text_color__hover_enabled=&#8221;on&#8221; theme_builder_area=&#8221;post_content&#8221;]<\/p>\n<h3><a href=\"\/en\/students\/erasmus-courses\/\">Erasmus+ courses<\/a><\/h3>\n<p>[\/et_pb_text][\/et_pb_column][et_pb_column type=&#8221;1_3&#8243; _builder_version=&#8221;4.22.2&#8243; background_color=&#8221;rgba(9,182,215,0.8)&#8221; background_color_gradient_start=&#8221;rgba(0,162,226,0.7)&#8221; background_color_gradient_end=&#8221;rgba(0,162,226,0.7)&#8221; background_enable_image=&#8221;off&#8221; custom_padding=&#8221;50px||25px||false|false&#8221; border_width_all=&#8221;2px&#8221; border_color_all=&#8221;#f2f5fa&#8221; global_colors_info=&#8221;{}&#8221; custom_padding__hover=&#8221;|||&#8221; theme_builder_area=&#8221;post_content&#8221;][et_pb_text _builder_version=&#8221;4.22.2&#8243; text_font=&#8221;||||||||&#8221; text_font_size=&#8221;15px&#8221; header_font=&#8221;||||||||&#8221; header_3_font=&#8221;Roboto Condensed|700||on|on||||&#8221; header_3_text_align=&#8221;center&#8221; header_3_text_color=&#8221;#ffffff&#8221; header_3_font_size=&#8221;26px&#8221; header_3_line_height=&#8221;1.2em&#8221; text_orientation=&#8221;center&#8221; background_layout=&#8221;dark&#8221; min_height=&#8221;80px&#8221; custom_margin=&#8221;10px|20px||20px|false|true&#8221; custom_padding=&#8221;||&#8221; global_colors_info=&#8221;{}&#8221; header_3_text_color__hover=&#8221;rgba(255,255,255,0.9)&#8221; header_3_text_color__hover_enabled=&#8221;on&#8221; theme_builder_area=&#8221;post_content&#8221;]<\/p>\n<h3>Examen rigorosum<\/h3>\n<p>[\/et_pb_text][\/et_pb_column][et_pb_column type=&#8221;1_3&#8243; _builder_version=&#8221;4.22.2&#8243; background_color=&#8221;rgba(9,182,215,0.8)&#8221; background_color_gradient_start=&#8221;rgba(0,162,226,0.7)&#8221; background_color_gradient_end=&#8221;rgba(0,162,226,0.7)&#8221; background_enable_image=&#8221;off&#8221; custom_padding=&#8221;50px||25px||false|false&#8221; link_option_url=&#8221;\/en\/students\/certificate\/&#8221; border_width_all=&#8221;2px&#8221; border_color_all=&#8221;#f2f5fa&#8221; global_colors_info=&#8221;{}&#8221; custom_padding__hover=&#8221;|||&#8221; theme_builder_area=&#8221;post_content&#8221;][et_pb_text _builder_version=&#8221;4.22.2&#8243; text_font=&#8221;||||||||&#8221; text_font_size=&#8221;15px&#8221; header_font=&#8221;||||||||&#8221; header_3_font=&#8221;Roboto Condensed|700||on|on||||&#8221; header_3_text_align=&#8221;center&#8221; header_3_text_color=&#8221;#ffffff&#8221; header_3_font_size=&#8221;26px&#8221; header_3_line_height=&#8221;1.2em&#8221; text_orientation=&#8221;center&#8221; background_layout=&#8221;dark&#8221; min_height=&#8221;80px&#8221; custom_margin=&#8221;10px|20px||20px|false|true&#8221; custom_padding=&#8221;||&#8221; global_colors_info=&#8221;{}&#8221; header_3_text_color__hover=&#8221;rgba(255,255,255,0.9)&#8221; header_3_text_color__hover_enabled=&#8221;on&#8221; theme_builder_area=&#8221;post_content&#8221;]<\/p>\n<h3><a href=\"\/en\/students\/certificate\/\">Certificate program<\/a><\/h3>\n<p>[\/et_pb_text][\/et_pb_column][\/et_pb_row][\/et_pb_section]<\/p>\n","protected":false},"excerpt":{"rendered":"<p>Practical InformationHow to get here? By train:By train you can get to Pilsen according to timetables which you can find at idos.cz or cd.cz. The main train station is within walking distance of the city center, but it is possible to use public transport for faster transfer. From the train station you can reach the [&hellip;]<\/p>\n","protected":false},"author":8,"featured_media":0,"parent":9518,"menu_order":0,"comment_status":"closed","ping_status":"closed","template":"","meta":{"_et_pb_use_builder":"on","_et_pb_old_content":"","_et_gb_content_width":"","footnotes":""},"acf":[],"_links":{"self":[{"href":"https:\/\/kfi.zcu.cz\/en\/wp-json\/wp\/v2\/pages\/9733"}],"collection":[{"href":"https:\/\/kfi.zcu.cz\/en\/wp-json\/wp\/v2\/pages"}],"about":[{"href":"https:\/\/kfi.zcu.cz\/en\/wp-json\/wp\/v2\/types\/page"}],"author":[{"embeddable":true,"href":"https:\/\/kfi.zcu.cz\/en\/wp-json\/wp\/v2\/users\/8"}],"replies":[{"embeddable":true,"href":"https:\/\/kfi.zcu.cz\/en\/wp-json\/wp\/v2\/comments?post=9733"}],"version-history":[{"count":6,"href":"https:\/\/kfi.zcu.cz\/en\/wp-json\/wp\/v2\/pages\/9733\/revisions"}],"predecessor-version":[{"id":10549,"href":"https:\/\/kfi.zcu.cz\/en\/wp-json\/wp\/v2\/pages\/9733\/revisions\/10549"}],"up":[{"embeddable":true,"href":"https:\/\/kfi.zcu.cz\/en\/wp-json\/wp\/v2\/pages\/9518"}],"wp:attachment":[{"href":"https:\/\/kfi.zcu.cz\/en\/wp-json\/wp\/v2\/media?parent=9733"}],"curies":[{"name":"wp","href":"https:\/\/api.w.org\/{rel}","templated":true}]}}