{"id":9497,"date":"2020-12-05T11:13:19","date_gmt":"2020-12-05T10:13:19","guid":{"rendered":"https:\/\/kfi2.zcu.cz\/veda-vyzkum\/"},"modified":"2024-12-06T09:34:44","modified_gmt":"2024-12-06T08:34:44","slug":"research","status":"publish","type":"page","link":"https:\/\/kfi.zcu.cz\/en\/research\/","title":{"rendered":"Research"},"content":{"rendered":"<p>[et_pb_section fb_built=&#8221;1&#8243; fullwidth=&#8221;on&#8221; disabled_on=&#8221;on|off|off&#8221; _builder_version=&#8221;4.16&#8243; background_color=&#8221;#f2f5fa&#8221; custom_margin=&#8221;0px||0px&#8221; custom_padding=&#8221;0||0||true|false&#8221; saved_tabs=&#8221;all&#8221; global_colors_info=&#8221;{}&#8221;][et_pb_fullwidth_menu menu_id=&#8221;242&#8243; submenu_direction=&#8221;downwards&#8221; fullwidth_menu=&#8221;off&#8221; active_link_color=&#8221;#173868&#8243; _builder_version=&#8221;4.22.2&#8243; menu_font=&#8221;Roboto Condensed|700||on|||||&#8221; menu_text_color=&#8221;#8099B4&#8243; background_color=&#8221;#FFFFFF&#8221; custom_margin=&#8221;0px||0px&#8221; custom_padding=&#8221;0px||0px&#8221; hover_enabled=&#8221;0&#8243; z_index_tablet=&#8221;500&#8243; global_colors_info=&#8221;{}&#8221; menu_text_color__hover_enabled=&#8221;on|desktop&#8221; menu_text_color__hover=&#8221;#173868&#8243; sticky_enabled=&#8221;0&#8243;]<\/p>\n<p>[\/et_pb_fullwidth_menu][\/et_pb_section][et_pb_section fb_built=&#8221;1&#8243; _builder_version=&#8221;4.16&#8243; background_color=&#8221;#f2f5fa&#8221; background_enable_image=&#8221;off&#8221; custom_padding=&#8221;0px||0px|||&#8221; saved_tabs=&#8221;all&#8221; global_colors_info=&#8221;{}&#8221;][et_pb_row _builder_version=&#8221;4.16&#8243; background_color=&#8221;#f2f5fa&#8221; min_height=&#8221;13px&#8221; custom_margin=&#8221;0px||0px||true&#8221; custom_padding=&#8221;5px||5px||true|&#8221; global_colors_info=&#8221;{}&#8221;][et_pb_column type=&#8221;4_4&#8243; _builder_version=&#8221;4.16&#8243; custom_padding=&#8221;|||&#8221; global_colors_info=&#8221;{}&#8221; custom_padding__hover=&#8221;|||&#8221;][et_pb_dmb_breadcrumbs font_icon=&#8221;%%20%%&#8221; use_home_text=&#8221;on&#8221; home_text=&#8221;\u00davod&#8221; show_category_crumbs=&#8221;off&#8221; show_custom_taxonomy_crumbs=&#8221;off&#8221; _builder_version=&#8221;4.16&#8243; body_font=&#8221;||||||||&#8221; body_text_color=&#8221;#8099b4&#8243; body_font_size=&#8221;12px&#8221; body_line_height=&#8221;16px&#8221; separator_text_color=&#8221;#8099b4&#8243; separator_font_size=&#8221;16px&#8221; separator_line_height=&#8221;16px&#8221; link_font=&#8221;||||||||&#8221; link_text_color=&#8221;#09b6d7&#8243; link_font_size=&#8221;12px&#8221; link_line_height=&#8221;16px&#8221; linkhover_font=&#8221;||||||||&#8221; custom_margin=&#8221;0px||0px||true&#8221; custom_padding=&#8221;4px||3px||false&#8221; global_colors_info=&#8221;{}&#8221;][\/et_pb_dmb_breadcrumbs][\/et_pb_column][\/et_pb_row][\/et_pb_section][et_pb_section fb_built=&#8221;1&#8243; custom_padding_last_edited=&#8221;on|phone&#8221; _builder_version=&#8221;4.22.2&#8243; background_image=&#8221;https:\/\/kfi.zcu.cz\/wp-content\/uploads\/2023\/05\/krychle-01-scaled.jpg&#8221; width=&#8221;100%&#8221; max_width=&#8221;100%&#8221; module_alignment=&#8221;center&#8221; min_height=&#8221;500px&#8221; height=&#8221;60vh&#8221; height_tablet=&#8221;65vh&#8221; height_phone=&#8221;65vh&#8221; height_last_edited=&#8221;on|desktop&#8221; max_height=&#8221;100%&#8221; custom_margin=&#8221;|||||&#8221; custom_padding=&#8221;0px||0px||false|false&#8221; custom_padding_tablet=&#8221;&#8221; custom_padding_phone=&#8221;|0px||0px|false|false&#8221; locked=&#8221;off&#8221; global_colors_info=&#8221;{}&#8221;][et_pb_row column_structure=&#8221;1_2,1_2&#8243; disabled_on=&#8221;off|off|off&#8221; _builder_version=&#8221;4.22.2&#8243; positioning=&#8221;absolute&#8221; position_origin_a=&#8221;bottom_center&#8221; position_origin_f=&#8221;bottom_left&#8221; position_origin_r=&#8221;bottom_left&#8221; position_origin_a_tablet=&#8221;bottom_center&#8221; position_origin_a_phone=&#8221;bottom_center&#8221; position_origin_a_last_edited=&#8221;on|desktop&#8221; position_origin_f_tablet=&#8221;&#8221; position_origin_f_phone=&#8221;&#8221; position_origin_f_last_edited=&#8221;on|desktop&#8221; position_origin_r_tablet=&#8221;bottom_left&#8221; position_origin_r_phone=&#8221;bottom_left&#8221; position_origin_r_last_edited=&#8221;on|tablet&#8221; min_height=&#8221;60%&#8221; min_height_tablet=&#8221;40%&#8221; min_height_phone=&#8221;30%&#8221; min_height_last_edited=&#8221;off|desktop&#8221; max_height=&#8221;0px&#8221; custom_padding=&#8221;0px||0px||false|false&#8221; positioning_tablet=&#8221;absolute&#8221; positioning_phone=&#8221;absolute&#8221; positioning_last_edited=&#8221;on|tablet&#8221; collapsed=&#8221;off&#8221; global_colors_info=&#8221;{}&#8221;][et_pb_column type=&#8221;1_2&#8243; _builder_version=&#8221;4.21.2&#8243; custom_padding=&#8221;|||&#8221; global_colors_info=&#8221;{}&#8221; custom_padding__hover=&#8221;|||&#8221;][et_pb_text admin_label=&#8221;Text&#8221; _builder_version=&#8221;4.22.2&#8243; text_font=&#8221;||||||||&#8221; header_font=&#8221;Roboto Condensed|700||on|||||&#8221; header_text_align=&#8221;left&#8221; header_text_color=&#8221;#ffffff&#8221; header_font_size=&#8221;48px&#8221; header_line_height=&#8221;52px&#8221; background_color=&#8221;#09b6d7&#8243; background_enable_image=&#8221;off&#8221; background_position=&#8221;bottom_right&#8221; width_tablet=&#8221;&#8221; width_phone=&#8221;&#8221; width_last_edited=&#8221;on|phone&#8221; max_width_tablet=&#8221;&#8221; max_width_phone=&#8221;&#8221; max_width_last_edited=&#8221;on|desktop&#8221; module_alignment=&#8221;left&#8221; custom_margin=&#8221;0px|0px|0px|0px&#8221; custom_margin_tablet=&#8221;&#8221; custom_margin_phone=&#8221;||0px||false|false&#8221; custom_margin_last_edited=&#8221;on|tablet&#8221; custom_padding=&#8221;25px|30px|25px|30px|true|true&#8221; custom_padding_tablet=&#8221;&#8221; custom_padding_phone=&#8221;25px||15px&#8221; custom_padding_last_edited=&#8221;on|phone&#8221; animation_style=&#8221;fade&#8221; header_font_size_tablet=&#8221;&#8221; header_font_size_phone=&#8221;22px&#8221; header_font_size_last_edited=&#8221;on|tablet&#8221; header_line_height_tablet=&#8221;&#8221; header_line_height_phone=&#8221;20px&#8221; header_line_height_last_edited=&#8221;on|desktop&#8221; global_colors_info=&#8221;{}&#8221; custom_padding__hover_enabled=&#8221;on&#8221; custom_padding__hover=&#8221;25px|30px|25px|30px|true|true&#8221;]<\/p>\n<h1>Research<\/h1>\n<p>[\/et_pb_text][et_pb_text disabled_on=&#8221;off|off|off&#8221; admin_label=&#8221;Text&#8221; _builder_version=&#8221;4.22.2&#8243; text_font=&#8221;||||||||&#8221; text_line_height=&#8221;1.3em&#8221; header_font=&#8221;Roboto Condensed|700||on|||||&#8221; header_text_align=&#8221;center&#8221; header_text_color=&#8221;#ffffff&#8221; header_font_size=&#8221;48px&#8221; header_line_height=&#8221;52px&#8221; background_color=&#8221;#ffffff&#8221; module_alignment=&#8221;left&#8221; custom_margin=&#8221;0px|0px|0px|0px&#8221; custom_padding=&#8221;15px|25px|15px|25px|true|true&#8221; animation_style=&#8221;fade&#8221; global_colors_info=&#8221;{}&#8221;]<\/p>\n<p><span>In its scientific activities, the department focuses on analytical philosophy, philosophy of education, and the history and philosophy of science and technology.<\/span><\/p>\n<p>[\/et_pb_text][\/et_pb_column][et_pb_column type=&#8221;1_2&#8243; _builder_version=&#8221;4.21.2&#8243; _module_preset=&#8221;default&#8221; global_colors_info=&#8221;{}&#8221;][\/et_pb_column][\/et_pb_row][\/et_pb_section][et_pb_section fb_built=&#8221;1&#8243; _builder_version=&#8221;4.16&#8243; _module_preset=&#8221;default&#8221; background_color=&#8221;#f2f5fa&#8221; custom_padding=&#8221;1px|0px|60px|0px|false|false&#8221; global_module=&#8221;10529&#8243; saved_tabs=&#8221;all&#8221; global_colors_info=&#8221;{}&#8221;][et_pb_row _builder_version=&#8221;4.22.2&#8243; module_alignment=&#8221;center&#8221; custom_margin=&#8221;50px|356px||auto|false|false&#8221; custom_padding=&#8221;0px|0px|0px|0px|false|false&#8221; global_colors_info=&#8221;{}&#8221;][et_pb_column type=&#8221;4_4&#8243; admin_label=&#8221;Column&#8221; _builder_version=&#8221;4.16&#8243; custom_padding=&#8221;|||&#8221; global_colors_info=&#8221;{}&#8221; custom_padding__hover=&#8221;|||&#8221;][et_pb_text _builder_version=&#8221;4.22.2&#8243; text_font=&#8221;||||||||&#8221; header_font=&#8221;||||||||&#8221; header_2_font=&#8221;Roboto Condensed|||on|||||&#8221; header_2_text_align=&#8221;center&#8221; header_2_text_color=&#8221;#8099b4&#8243; header_2_font_size=&#8221;40px&#8221; header_2_line_height=&#8221;1.4em&#8221; custom_margin=&#8221;||&#8221; custom_padding=&#8221;||&#8221; header_2_font_size_tablet=&#8221;35px&#8221; header_2_font_size_phone=&#8221;30px&#8221; header_2_font_size_last_edited=&#8221;on|desktop&#8221; header_2_line_height_tablet=&#8221;40px&#8221; header_2_line_height_phone=&#8221;35px&#8221; header_2_line_height_last_edited=&#8221;on|phone&#8221; global_colors_info=&#8221;{}&#8221;]<\/p>\n<h2>Research at the Department of Philosophy<\/h2>\n<p>[\/et_pb_text][\/et_pb_column][\/et_pb_row][et_pb_row use_custom_gutter=&#8221;on&#8221; gutter_width=&#8221;1&#8243; make_equal=&#8221;on&#8221; disabled_on=&#8221;off|off|off&#8221; module_class=&#8221;flex-btn&#8221; _builder_version=&#8221;4.22.2&#8243; _module_preset=&#8221;default&#8221; custom_margin=&#8221;0px||||false|false&#8221; custom_padding=&#8221;0px|0px|0px|0px|true|false&#8221; global_colors_info=&#8221;{}&#8221; button_text_color__hover=&#8221;#FFFFFF&#8221; button_text_color__hover_enabled=&#8221;on|desktop&#8221; button_bg_color__hover=&#8221;#09B6D7&#8243; button_bg_color__hover_enabled=&#8221;on|hover&#8221; button_border_color__hover=&#8221;#09B6D7&#8243; button_border_color__hover_enabled=&#8221;on|hover&#8221; button_icon_color__hover=&#8221;#09B6D7&#8243; button_icon_color__hover_enabled=&#8221;on|hover&#8221;][et_pb_column type=&#8221;4_4&#8243; module_class=&#8221;flex-col full-width&#8221; _builder_version=&#8221;4.22.2&#8243; background_enable_color=&#8221;off&#8221; background_color_gradient_start=&#8221;rgba(0,162,226,0.7)&#8221; background_color_gradient_end=&#8221;rgba(0,162,226,0.7)&#8221; background_image=&#8221;https:\/\/kfi.zcu.cz\/wp-content\/uploads\/2022\/06\/kfi-main.jpg&#8221; background_enable_image=&#8221;off&#8221; custom_padding=&#8221;30px|0px|25px|0px|false|true&#8221; border_width_all=&#8221;2px&#8221; border_color_all=&#8221;#f2f5fa&#8221; global_colors_info=&#8221;{}&#8221; custom_padding__hover=&#8221;|||&#8221;][et_pb_button button_url=&#8221;\/en\/research\/research-profiles\/&#8221; button_text=&#8221;Research profiles&#8221; button_alignment=&#8221;center&#8221; disabled_on=&#8221;off|off|off&#8221; module_class=&#8221;flex-btn&#8221; _builder_version=&#8221;4.22.2&#8243; custom_button=&#8221;on&#8221; button_text_size=&#8221;18px&#8221; button_text_color=&#8221;#09B6D7&#8243; button_bg_color=&#8221;RGBA(255,255,255,0)&#8221; button_border_width=&#8221;2px&#8221; button_border_color=&#8221;#09b6d7&#8243; button_border_radius=&#8221;0px&#8221; button_font=&#8221;Open Sans|700||on|||||&#8221; button_use_icon=&#8221;off&#8221; custom_margin=&#8221;0px||||false|false&#8221; custom_padding=&#8221;6px|35px|6px|35px|true|false&#8221; locked=&#8221;off&#8221; global_colors_info=&#8221;{}&#8221; button_bg_color__hover_enabled=&#8221;on|hover&#8221; button_bg_color__hover=&#8221;#09B6D7&#8243; button_text_color__hover_enabled=&#8221;on|desktop&#8221; button_text_color__hover=&#8221;#FFFFFF&#8221; button_border_color__hover_enabled=&#8221;on|hover&#8221; button_border_color__hover=&#8221;#09B6D7&#8243; button_bg_enable_color__hover=&#8221;on&#8221; button_icon_color__hover_enabled=&#8221;on|hover&#8221; button_icon_color__hover=&#8221;#09B6D7&#8243;][\/et_pb_button][et_pb_button button_url=&#8221;\/en\/research\/kudej\/&#8221; button_text=&#8221;Kud\u011bj journal&#8221; button_alignment=&#8221;center&#8221; disabled_on=&#8221;off|off|off&#8221; module_class=&#8221;flex-btn&#8221; _builder_version=&#8221;4.22.2&#8243; custom_button=&#8221;on&#8221; button_text_size=&#8221;18px&#8221; button_text_color=&#8221;#09B6D7&#8243; button_bg_color=&#8221;RGBA(255,255,255,0)&#8221; button_border_width=&#8221;2px&#8221; button_border_color=&#8221;#09b6d7&#8243; button_border_radius=&#8221;0px&#8221; button_font=&#8221;Open Sans|700||on|||||&#8221; button_use_icon=&#8221;off&#8221; custom_margin=&#8221;0px||||false|false&#8221; custom_padding=&#8221;6px|35px|6px|35px|true|false&#8221; locked=&#8221;off&#8221; global_colors_info=&#8221;{}&#8221; button_bg_color__hover_enabled=&#8221;on|hover&#8221; button_bg_color__hover=&#8221;#09B6D7&#8243; button_text_color__hover_enabled=&#8221;on|desktop&#8221; button_text_color__hover=&#8221;#FFFFFF&#8221; button_border_color__hover_enabled=&#8221;on|hover&#8221; button_border_color__hover=&#8221;#09B6D7&#8243; button_bg_enable_color__hover=&#8221;on&#8221; button_icon_color__hover_enabled=&#8221;on|hover&#8221; button_icon_color__hover=&#8221;#09B6D7&#8243;][\/et_pb_button][et_pb_button button_url=&#8221;\/veda-vyzkum\/projekty\/&#8221; button_text=&#8221;Projects&#8221; button_alignment=&#8221;center&#8221; disabled_on=&#8221;on|on|on&#8221; module_class=&#8221;flex-btn&#8221; _builder_version=&#8221;4.22.2&#8243; custom_button=&#8221;on&#8221; button_text_size=&#8221;18px&#8221; button_text_color=&#8221;#09B6D7&#8243; button_bg_color=&#8221;RGBA(255,255,255,0)&#8221; button_border_width=&#8221;2px&#8221; button_border_color=&#8221;#09b6d7&#8243; button_border_radius=&#8221;0px&#8221; button_font=&#8221;Open Sans|700||on|||||&#8221; button_use_icon=&#8221;off&#8221; custom_margin=&#8221;0px||||false|false&#8221; custom_padding=&#8221;6px|35px|6px|35px|true|false&#8221; disabled=&#8221;on&#8221; locked=&#8221;off&#8221; global_colors_info=&#8221;{}&#8221; button_bg_color__hover_enabled=&#8221;on|hover&#8221; button_bg_color__hover=&#8221;#09B6D7&#8243; button_text_color__hover_enabled=&#8221;on|desktop&#8221; button_text_color__hover=&#8221;#FFFFFF&#8221; button_border_color__hover_enabled=&#8221;on|hover&#8221; button_border_color__hover=&#8221;#09B6D7&#8243; button_bg_enable_color__hover=&#8221;on&#8221; button_icon_color__hover_enabled=&#8221;on|hover&#8221; button_icon_color__hover=&#8221;#09B6D7&#8243;][\/et_pb_button][et_pb_button button_url=&#8221;\/en\/research\/research-centres\/&#8221; button_text=&#8221;Research centres&#8221; button_alignment=&#8221;center&#8221; disabled_on=&#8221;off|off|off&#8221; module_class=&#8221;flex-btn&#8221; _builder_version=&#8221;4.22.2&#8243; custom_button=&#8221;on&#8221; button_text_size=&#8221;18px&#8221; button_text_color=&#8221;#09B6D7&#8243; button_bg_color=&#8221;RGBA(255,255,255,0)&#8221; button_border_width=&#8221;2px&#8221; button_border_color=&#8221;#09b6d7&#8243; button_border_radius=&#8221;0px&#8221; button_font=&#8221;Open Sans|700||on|||||&#8221; button_use_icon=&#8221;off&#8221; custom_margin=&#8221;0px||||false|false&#8221; custom_padding=&#8221;6px|35px|6px|35px|true|false&#8221; locked=&#8221;off&#8221; global_colors_info=&#8221;{}&#8221; button_bg_color__hover_enabled=&#8221;on|hover&#8221; button_bg_color__hover=&#8221;#09B6D7&#8243; button_text_color__hover_enabled=&#8221;on|desktop&#8221; button_text_color__hover=&#8221;#FFFFFF&#8221; button_border_color__hover_enabled=&#8221;on|hover&#8221; button_border_color__hover=&#8221;#09B6D7&#8243; button_bg_enable_color__hover=&#8221;on&#8221; button_icon_color__hover_enabled=&#8221;on|hover&#8221; button_icon_color__hover=&#8221;#09B6D7&#8243;][\/et_pb_button][et_pb_button button_url=&#8221;\/veda-vyzkum\/publikace\/&#8221; button_text=&#8221;Publications&#8221; button_alignment=&#8221;center&#8221; disabled_on=&#8221;on|on|on&#8221; module_class=&#8221;flex-btn&#8221; _builder_version=&#8221;4.22.2&#8243; custom_button=&#8221;on&#8221; button_text_size=&#8221;18px&#8221; button_text_color=&#8221;#09B6D7&#8243; button_bg_color=&#8221;RGBA(255,255,255,0)&#8221; button_border_width=&#8221;2px&#8221; button_border_color=&#8221;#09b6d7&#8243; button_border_radius=&#8221;0px&#8221; button_font=&#8221;Open Sans|700||on|||||&#8221; button_use_icon=&#8221;off&#8221; custom_margin=&#8221;0px||||false|false&#8221; custom_padding=&#8221;6px|35px|6px|35px|true|false&#8221; disabled=&#8221;on&#8221; locked=&#8221;off&#8221; global_colors_info=&#8221;{}&#8221; button_bg_color__hover_enabled=&#8221;on|hover&#8221; button_bg_color__hover=&#8221;#09B6D7&#8243; button_text_color__hover_enabled=&#8221;on|desktop&#8221; button_text_color__hover=&#8221;#FFFFFF&#8221; button_border_color__hover_enabled=&#8221;on|hover&#8221; button_border_color__hover=&#8221;#09B6D7&#8243; button_bg_enable_color__hover=&#8221;on&#8221; button_icon_color__hover_enabled=&#8221;on|hover&#8221; button_icon_color__hover=&#8221;#09B6D7&#8243;][\/et_pb_button][et_pb_button button_url=&#8221;\/veda-vyzkum\/konference\/&#8221; button_text=&#8221;Conferences&#8221; button_alignment=&#8221;center&#8221; disabled_on=&#8221;on|on|on&#8221; module_class=&#8221;flex-btn&#8221; _builder_version=&#8221;4.22.2&#8243; custom_button=&#8221;on&#8221; button_text_size=&#8221;18px&#8221; button_text_color=&#8221;#09B6D7&#8243; button_bg_color=&#8221;RGBA(255,255,255,0)&#8221; button_border_width=&#8221;2px&#8221; button_border_color=&#8221;#09b6d7&#8243; button_border_radius=&#8221;0px&#8221; button_font=&#8221;Open Sans|700||on|||||&#8221; button_use_icon=&#8221;off&#8221; custom_margin=&#8221;0px||||false|false&#8221; custom_padding=&#8221;6px|35px|6px|35px|true|false&#8221; disabled=&#8221;on&#8221; locked=&#8221;off&#8221; global_colors_info=&#8221;{}&#8221; button_bg_color__hover_enabled=&#8221;on|hover&#8221; button_bg_color__hover=&#8221;#09B6D7&#8243; button_text_color__hover_enabled=&#8221;on|desktop&#8221; button_text_color__hover=&#8221;#FFFFFF&#8221; button_border_color__hover_enabled=&#8221;on|hover&#8221; button_border_color__hover=&#8221;#09B6D7&#8243; button_bg_enable_color__hover=&#8221;on&#8221; button_icon_color__hover_enabled=&#8221;on|hover&#8221; button_icon_color__hover=&#8221;#09B6D7&#8243;][\/et_pb_button][\/et_pb_column][\/et_pb_row][\/et_pb_section]<\/p>\n","protected":false},"excerpt":{"rendered":"<p>ResearchIn its scientific activities, the department focuses on analytical philosophy, philosophy of education, and the history and philosophy of science and technology.Research at the Department of Philosophy<\/p>\n","protected":false},"author":1,"featured_media":0,"parent":0,"menu_order":0,"comment_status":"closed","ping_status":"closed","template":"","meta":{"_et_pb_use_builder":"on","_et_pb_old_content":"<h2>Str\u00e1nku pro v\u00e1s p\u0159ipravujeme<\/h2>","_et_gb_content_width":"","footnotes":""},"acf":[],"_links":{"self":[{"href":"https:\/\/kfi.zcu.cz\/en\/wp-json\/wp\/v2\/pages\/9497"}],"collection":[{"href":"https:\/\/kfi.zcu.cz\/en\/wp-json\/wp\/v2\/pages"}],"about":[{"href":"https:\/\/kfi.zcu.cz\/en\/wp-json\/wp\/v2\/types\/page"}],"author":[{"embeddable":true,"href":"https:\/\/kfi.zcu.cz\/en\/wp-json\/wp\/v2\/users\/1"}],"replies":[{"embeddable":true,"href":"https:\/\/kfi.zcu.cz\/en\/wp-json\/wp\/v2\/comments?post=9497"}],"version-history":[{"count":6,"href":"https:\/\/kfi.zcu.cz\/en\/wp-json\/wp\/v2\/pages\/9497\/revisions"}],"predecessor-version":[{"id":12582,"href":"https:\/\/kfi.zcu.cz\/en\/wp-json\/wp\/v2\/pages\/9497\/revisions\/12582"}],"wp:attachment":[{"href":"https:\/\/kfi.zcu.cz\/en\/wp-json\/wp\/v2\/media?parent=9497"}],"curies":[{"name":"wp","href":"https:\/\/api.w.org\/{rel}","templated":true}]}}