{"id":10376,"date":"2020-12-05T11:16:59","date_gmt":"2020-12-05T10:16:59","guid":{"rendered":"https:\/\/kfi2.zcu.cz\/research\/vyzkumna-centra\/"},"modified":"2023-10-28T22:41:10","modified_gmt":"2023-10-28T20:41:10","slug":"research-centres","status":"publish","type":"page","link":"https:\/\/kfi.zcu.cz\/en\/research\/research-centres\/","title":{"rendered":"Research Centres"},"content":{"rendered":"<p>[et_pb_section fb_built=&#8221;1&#8243; fullwidth=&#8221;on&#8221; disabled_on=&#8221;on|off|off&#8221; _builder_version=&#8221;4.16&#8243; background_color=&#8221;#f2f5fa&#8221; custom_margin=&#8221;0px||0px&#8221; custom_padding=&#8221;0||0||true|false&#8221; saved_tabs=&#8221;all&#8221; global_colors_info=&#8221;{}&#8221;][et_pb_fullwidth_menu menu_id=&#8221;66&#8243; submenu_direction=&#8221;downwards&#8221; fullwidth_menu=&#8221;off&#8221; active_link_color=&#8221;#173868&#8243; _builder_version=&#8221;4.16&#8243; menu_font=&#8221;Roboto Condensed|700||on|||||&#8221; menu_text_color=&#8221;#8099B4&#8243; background_color=&#8221;#FFFFFF&#8221; custom_margin=&#8221;0px||0px&#8221; custom_padding=&#8221;0px||0px&#8221; z_index_tablet=&#8221;500&#8243; global_colors_info=&#8221;{}&#8221; menu_text_color__hover_enabled=&#8221;on|desktop&#8221; menu_text_color__hover=&#8221;#173868&#8243;]<\/p>\n<p>[\/et_pb_fullwidth_menu][\/et_pb_section][et_pb_section fb_built=&#8221;1&#8243; _builder_version=&#8221;4.16&#8243; background_color=&#8221;#f2f5fa&#8221; background_enable_image=&#8221;off&#8221; custom_padding=&#8221;0px||0px|||&#8221; saved_tabs=&#8221;all&#8221; global_colors_info=&#8221;{}&#8221;][et_pb_row _builder_version=&#8221;4.16&#8243; background_color=&#8221;#f2f5fa&#8221; min_height=&#8221;13px&#8221; custom_margin=&#8221;0px||0px||true&#8221; custom_padding=&#8221;5px||5px||true|&#8221; global_colors_info=&#8221;{}&#8221;][et_pb_column type=&#8221;4_4&#8243; _builder_version=&#8221;4.16&#8243; custom_padding=&#8221;|||&#8221; global_colors_info=&#8221;{}&#8221; custom_padding__hover=&#8221;|||&#8221;][et_pb_dmb_breadcrumbs font_icon=&#8221;%%20%%&#8221; use_home_text=&#8221;on&#8221; home_text=&#8221;\u00davod&#8221; show_category_crumbs=&#8221;off&#8221; show_custom_taxonomy_crumbs=&#8221;off&#8221; _builder_version=&#8221;4.16&#8243; body_font=&#8221;||||||||&#8221; body_text_color=&#8221;#8099b4&#8243; body_font_size=&#8221;12px&#8221; body_line_height=&#8221;16px&#8221; separator_text_color=&#8221;#8099b4&#8243; separator_font_size=&#8221;16px&#8221; separator_line_height=&#8221;16px&#8221; link_font=&#8221;||||||||&#8221; link_text_color=&#8221;#09b6d7&#8243; link_font_size=&#8221;12px&#8221; link_line_height=&#8221;16px&#8221; linkhover_font=&#8221;||||||||&#8221; custom_margin=&#8221;0px||0px||true&#8221; custom_padding=&#8221;4px||3px||false&#8221; global_colors_info=&#8221;{}&#8221;][\/et_pb_dmb_breadcrumbs][\/et_pb_column][\/et_pb_row][\/et_pb_section][et_pb_section fb_built=&#8221;1&#8243; _builder_version=&#8221;4.16&#8243; background_color=&#8221;#f2f5fa&#8221; custom_padding=&#8221;30px|0px|1px|0px|false|false&#8221; locked=&#8221;off&#8221; global_colors_info=&#8221;{}&#8221;][et_pb_row module_id=&#8221;intro&#8221; _builder_version=&#8221;4.16&#8243; custom_margin=&#8221;0px||0px||true|true&#8221; custom_margin_tablet=&#8221;&#8221; custom_margin_phone=&#8221;15px||5px&#8221; custom_margin_last_edited=&#8221;on|desktop&#8221; custom_padding=&#8221;10px||10px||false|true&#8221; global_colors_info=&#8221;{}&#8221;][et_pb_column type=&#8221;4_4&#8243; _builder_version=&#8221;4.16&#8243; custom_padding=&#8221;|||&#8221; global_colors_info=&#8221;{}&#8221; custom_padding__hover=&#8221;|||&#8221;][et_pb_text _builder_version=&#8221;4.22.2&#8243; text_font=&#8221;||||||||&#8221; header_font=&#8221;Roboto Condensed|||on|||||&#8221; header_text_align=&#8221;center&#8221; header_text_color=&#8221;#8099b4&#8243; header_font_size=&#8221;40px&#8221; header_line_height=&#8221;1.4em&#8221; header_2_font=&#8221;Roboto Condensed|||on|||||&#8221; header_2_text_align=&#8221;center&#8221; header_2_text_color=&#8221;#8099b4&#8243; header_2_font_size=&#8221;40px&#8221; header_2_line_height=&#8221;1.4em&#8221; custom_margin=&#8221;||&#8221; custom_padding=&#8221;||&#8221; header_font_size_tablet=&#8221;35px&#8221; header_font_size_phone=&#8221;30px&#8221; header_font_size_last_edited=&#8221;on|desktop&#8221; header_line_height_tablet=&#8221;40px&#8221; header_line_height_phone=&#8221;35px&#8221; header_line_height_last_edited=&#8221;on|phone&#8221; header_2_font_size_tablet=&#8221;35px&#8221; header_2_font_size_phone=&#8221;30px&#8221; header_2_font_size_last_edited=&#8221;on|desktop&#8221; header_2_line_height_tablet=&#8221;40px&#8221; header_2_line_height_phone=&#8221;35px&#8221; header_2_line_height_last_edited=&#8221;on|phone&#8221; locked=&#8221;off&#8221; global_colors_info=&#8221;{}&#8221;]<\/p>\n<h1>Research Centres<\/h1>\n<p>[\/et_pb_text][\/et_pb_column][\/et_pb_row][et_pb_row use_custom_gutter=&#8221;on&#8221; gutter_width=&#8221;1&#8243; make_equal=&#8221;on&#8221; disabled_on=&#8221;off|off|off&#8221; module_class=&#8221;flex-btn&#8221; _builder_version=&#8221;4.22.2&#8243; _module_preset=&#8221;default&#8221; custom_margin=&#8221;0px||||false|false&#8221; custom_padding=&#8221;0px|0px|0px|0px|true|false&#8221; locked=&#8221;off&#8221; global_colors_info=&#8221;{}&#8221; button_text_color__hover=&#8221;#FFFFFF&#8221; button_text_color__hover_enabled=&#8221;on|desktop&#8221; button_bg_color__hover=&#8221;#09B6D7&#8243; button_bg_color__hover_enabled=&#8221;on|hover&#8221; button_border_color__hover=&#8221;#09B6D7&#8243; button_border_color__hover_enabled=&#8221;on|hover&#8221; button_icon_color__hover=&#8221;#09B6D7&#8243; button_icon_color__hover_enabled=&#8221;on|hover&#8221;][et_pb_column type=&#8221;4_4&#8243; module_class=&#8221;flex-col full-width&#8221; _builder_version=&#8221;4.22.2&#8243; background_enable_color=&#8221;off&#8221; background_color_gradient_start=&#8221;rgba(0,162,226,0.7)&#8221; background_color_gradient_end=&#8221;rgba(0,162,226,0.7)&#8221; background_image=&#8221;https:\/\/kfi.zcu.cz\/wp-content\/uploads\/2022\/06\/kfi-main.jpg&#8221; background_enable_image=&#8221;off&#8221; custom_padding=&#8221;30px|0px|25px|0px|false|true&#8221; border_width_all=&#8221;2px&#8221; border_color_all=&#8221;#f2f5fa&#8221; global_colors_info=&#8221;{}&#8221; custom_padding__hover=&#8221;|||&#8221;][et_pb_button button_url=&#8221;https:\/\/rcths.zcu.cz\/portal\/en\/&#8221; button_text=&#8221;RCTHS&#8221; button_alignment=&#8221;center&#8221; disabled_on=&#8221;off|off|off&#8221; module_class=&#8221;flex-btn&#8221; _builder_version=&#8221;4.22.2&#8243; custom_button=&#8221;on&#8221; button_text_size=&#8221;18px&#8221; button_text_color=&#8221;#09B6D7&#8243; button_bg_color=&#8221;RGBA(255,255,255,0)&#8221; button_border_width=&#8221;2px&#8221; button_border_color=&#8221;#09b6d7&#8243; button_border_radius=&#8221;0px&#8221; button_font=&#8221;Open Sans|700||on|||||&#8221; button_use_icon=&#8221;off&#8221; custom_margin=&#8221;0px||||false|false&#8221; custom_padding=&#8221;6px|35px|6px|35px|true|false&#8221; locked=&#8221;off&#8221; global_colors_info=&#8221;{}&#8221; button_bg_color__hover_enabled=&#8221;on|hover&#8221; button_bg_color__hover=&#8221;#09B6D7&#8243; button_text_color__hover_enabled=&#8221;on|desktop&#8221; button_text_color__hover=&#8221;#FFFFFF&#8221; button_border_color__hover_enabled=&#8221;on|hover&#8221; button_border_color__hover=&#8221;#09B6D7&#8243; button_bg_enable_color__hover=&#8221;on&#8221; button_icon_color__hover_enabled=&#8221;on|hover&#8221; button_icon_color__hover=&#8221;#09B6D7&#8243;][\/et_pb_button][et_pb_button button_url=&#8221;https:\/\/ccs.zcu.cz\/&#8221; url_new_window=&#8221;on&#8221; button_text=&#8221;CCS-LAB&#8221; button_alignment=&#8221;center&#8221; disabled_on=&#8221;off|off|off&#8221; module_class=&#8221;flex-btn&#8221; _builder_version=&#8221;4.22.2&#8243; custom_button=&#8221;on&#8221; button_text_size=&#8221;18px&#8221; button_text_color=&#8221;#09B6D7&#8243; button_bg_color=&#8221;RGBA(255,255,255,0)&#8221; button_border_width=&#8221;2px&#8221; button_border_color=&#8221;#09b6d7&#8243; button_border_radius=&#8221;0px&#8221; button_font=&#8221;Open Sans|700||on|||||&#8221; button_use_icon=&#8221;off&#8221; custom_margin=&#8221;0px||||false|false&#8221; custom_padding=&#8221;6px|35px|6px|35px|true|false&#8221; locked=&#8221;off&#8221; global_colors_info=&#8221;{}&#8221; button_bg_color__hover_enabled=&#8221;on|hover&#8221; button_bg_color__hover=&#8221;#09B6D7&#8243; button_text_color__hover_enabled=&#8221;on|desktop&#8221; button_text_color__hover=&#8221;#FFFFFF&#8221; button_border_color__hover_enabled=&#8221;on|hover&#8221; button_border_color__hover=&#8221;#09B6D7&#8243; button_bg_enable_color__hover=&#8221;on&#8221; button_icon_color__hover_enabled=&#8221;on|hover&#8221; button_icon_color__hover=&#8221;#09B6D7&#8243;][\/et_pb_button][\/et_pb_column][\/et_pb_row][\/et_pb_section][et_pb_section fb_built=&#8221;1&#8243; _builder_version=&#8221;4.16&#8243; _module_preset=&#8221;default&#8221; background_color=&#8221;#f2f5fa&#8221; custom_padding=&#8221;1px|0px|60px|0px|false|false&#8221; saved_tabs=&#8221;all&#8221; global_colors_info=&#8221;{}&#8221; global_module=&#8221;10529&#8243; theme_builder_area=&#8221;post_content&#8221;][et_pb_row _builder_version=&#8221;4.22.2&#8243; module_alignment=&#8221;center&#8221; custom_margin=&#8221;50px|356px||auto|false|false&#8221; custom_padding=&#8221;0px|0px|0px|0px|false|false&#8221; global_colors_info=&#8221;{}&#8221; theme_builder_area=&#8221;post_content&#8221;][et_pb_column type=&#8221;4_4&#8243; admin_label=&#8221;Column&#8221; _builder_version=&#8221;4.16&#8243; custom_padding=&#8221;|||&#8221; global_colors_info=&#8221;{}&#8221; custom_padding__hover=&#8221;|||&#8221; theme_builder_area=&#8221;post_content&#8221;][et_pb_text _builder_version=&#8221;4.22.2&#8243; text_font=&#8221;||||||||&#8221; header_font=&#8221;||||||||&#8221; header_2_font=&#8221;Roboto Condensed|||on|||||&#8221; header_2_text_align=&#8221;center&#8221; header_2_text_color=&#8221;#8099b4&#8243; header_2_font_size=&#8221;40px&#8221; header_2_line_height=&#8221;1.4em&#8221; custom_margin=&#8221;||&#8221; custom_padding=&#8221;||&#8221; header_2_font_size_tablet=&#8221;35px&#8221; header_2_font_size_phone=&#8221;30px&#8221; header_2_font_size_last_edited=&#8221;on|desktop&#8221; header_2_line_height_tablet=&#8221;40px&#8221; header_2_line_height_phone=&#8221;35px&#8221; header_2_line_height_last_edited=&#8221;on|phone&#8221; global_colors_info=&#8221;{}&#8221; theme_builder_area=&#8221;post_content&#8221;]<\/p>\n<h2>Research at the Department of Philosophy<\/h2>\n<p>[\/et_pb_text][\/et_pb_column][\/et_pb_row][et_pb_row use_custom_gutter=&#8221;on&#8221; gutter_width=&#8221;1&#8243; make_equal=&#8221;on&#8221; disabled_on=&#8221;off|off|off&#8221; module_class=&#8221;flex-btn&#8221; _builder_version=&#8221;4.22.2&#8243; _module_preset=&#8221;default&#8221; custom_margin=&#8221;0px||||false|false&#8221; custom_padding=&#8221;0px|0px|0px|0px|true|false&#8221; global_colors_info=&#8221;{}&#8221; button_text_color__hover=&#8221;#FFFFFF&#8221; button_text_color__hover_enabled=&#8221;on|desktop&#8221; button_bg_color__hover=&#8221;#09B6D7&#8243; button_bg_color__hover_enabled=&#8221;on|hover&#8221; button_border_color__hover=&#8221;#09B6D7&#8243; button_border_color__hover_enabled=&#8221;on|hover&#8221; button_icon_color__hover=&#8221;#09B6D7&#8243; button_icon_color__hover_enabled=&#8221;on|hover&#8221; theme_builder_area=&#8221;post_content&#8221;][et_pb_column type=&#8221;4_4&#8243; module_class=&#8221;flex-col full-width&#8221; _builder_version=&#8221;4.22.2&#8243; background_enable_color=&#8221;off&#8221; background_color_gradient_start=&#8221;rgba(0,162,226,0.7)&#8221; background_color_gradient_end=&#8221;rgba(0,162,226,0.7)&#8221; background_image=&#8221;https:\/\/kfi.zcu.cz\/wp-content\/uploads\/2022\/06\/kfi-main.jpg&#8221; background_enable_image=&#8221;off&#8221; custom_padding=&#8221;30px|0px|25px|0px|false|true&#8221; border_width_all=&#8221;2px&#8221; border_color_all=&#8221;#f2f5fa&#8221; global_colors_info=&#8221;{}&#8221; custom_padding__hover=&#8221;|||&#8221; theme_builder_area=&#8221;post_content&#8221;][et_pb_button button_url=&#8221;\/en\/research\/research-profiles\/&#8221; button_text=&#8221;Research profiles&#8221; button_alignment=&#8221;center&#8221; disabled_on=&#8221;off|off|off&#8221; module_class=&#8221;flex-btn&#8221; _builder_version=&#8221;4.22.2&#8243; custom_button=&#8221;on&#8221; button_text_size=&#8221;18px&#8221; button_text_color=&#8221;#09B6D7&#8243; button_bg_color=&#8221;RGBA(255,255,255,0)&#8221; button_border_width=&#8221;2px&#8221; button_border_color=&#8221;#09b6d7&#8243; button_border_radius=&#8221;0px&#8221; button_font=&#8221;Open Sans|700||on|||||&#8221; button_use_icon=&#8221;off&#8221; custom_margin=&#8221;0px||||false|false&#8221; custom_padding=&#8221;6px|35px|6px|35px|true|false&#8221; locked=&#8221;off&#8221; global_colors_info=&#8221;{}&#8221; button_bg_color__hover_enabled=&#8221;on|hover&#8221; button_bg_color__hover=&#8221;#09B6D7&#8243; button_text_color__hover_enabled=&#8221;on|desktop&#8221; button_text_color__hover=&#8221;#FFFFFF&#8221; button_border_color__hover_enabled=&#8221;on|hover&#8221; button_border_color__hover=&#8221;#09B6D7&#8243; button_bg_enable_color__hover=&#8221;on&#8221; button_icon_color__hover_enabled=&#8221;on|hover&#8221; button_icon_color__hover=&#8221;#09B6D7&#8243; theme_builder_area=&#8221;post_content&#8221;][\/et_pb_button][et_pb_button button_url=&#8221;\/en\/research\/kudej\/&#8221; button_text=&#8221;Kud\u011bj journal&#8221; button_alignment=&#8221;center&#8221; disabled_on=&#8221;off|off|off&#8221; module_class=&#8221;flex-btn&#8221; _builder_version=&#8221;4.22.2&#8243; custom_button=&#8221;on&#8221; button_text_size=&#8221;18px&#8221; button_text_color=&#8221;#09B6D7&#8243; button_bg_color=&#8221;RGBA(255,255,255,0)&#8221; button_border_width=&#8221;2px&#8221; button_border_color=&#8221;#09b6d7&#8243; button_border_radius=&#8221;0px&#8221; button_font=&#8221;Open Sans|700||on|||||&#8221; button_use_icon=&#8221;off&#8221; custom_margin=&#8221;0px||||false|false&#8221; custom_padding=&#8221;6px|35px|6px|35px|true|false&#8221; locked=&#8221;off&#8221; global_colors_info=&#8221;{}&#8221; button_bg_color__hover_enabled=&#8221;on|hover&#8221; button_bg_color__hover=&#8221;#09B6D7&#8243; button_text_color__hover_enabled=&#8221;on|desktop&#8221; button_text_color__hover=&#8221;#FFFFFF&#8221; button_border_color__hover_enabled=&#8221;on|hover&#8221; button_border_color__hover=&#8221;#09B6D7&#8243; button_bg_enable_color__hover=&#8221;on&#8221; button_icon_color__hover_enabled=&#8221;on|hover&#8221; button_icon_color__hover=&#8221;#09B6D7&#8243; theme_builder_area=&#8221;post_content&#8221;][\/et_pb_button][et_pb_button button_url=&#8221;\/veda-vyzkum\/projekty\/&#8221; button_text=&#8221;Projects&#8221; button_alignment=&#8221;center&#8221; disabled_on=&#8221;on|on|on&#8221; module_class=&#8221;flex-btn&#8221; _builder_version=&#8221;4.22.2&#8243; custom_button=&#8221;on&#8221; button_text_size=&#8221;18px&#8221; button_text_color=&#8221;#09B6D7&#8243; button_bg_color=&#8221;RGBA(255,255,255,0)&#8221; button_border_width=&#8221;2px&#8221; button_border_color=&#8221;#09b6d7&#8243; button_border_radius=&#8221;0px&#8221; button_font=&#8221;Open Sans|700||on|||||&#8221; button_use_icon=&#8221;off&#8221; custom_margin=&#8221;0px||||false|false&#8221; custom_padding=&#8221;6px|35px|6px|35px|true|false&#8221; disabled=&#8221;on&#8221; locked=&#8221;off&#8221; global_colors_info=&#8221;{}&#8221; button_bg_color__hover_enabled=&#8221;on|hover&#8221; button_bg_color__hover=&#8221;#09B6D7&#8243; button_text_color__hover_enabled=&#8221;on|desktop&#8221; button_text_color__hover=&#8221;#FFFFFF&#8221; button_border_color__hover_enabled=&#8221;on|hover&#8221; button_border_color__hover=&#8221;#09B6D7&#8243; button_bg_enable_color__hover=&#8221;on&#8221; button_icon_color__hover_enabled=&#8221;on|hover&#8221; button_icon_color__hover=&#8221;#09B6D7&#8243; theme_builder_area=&#8221;post_content&#8221;][\/et_pb_button][et_pb_button button_url=&#8221;\/en\/research\/research-centres\/&#8221; button_text=&#8221;Research centres&#8221; button_alignment=&#8221;center&#8221; disabled_on=&#8221;off|off|off&#8221; module_class=&#8221;flex-btn&#8221; _builder_version=&#8221;4.22.2&#8243; custom_button=&#8221;on&#8221; button_text_size=&#8221;18px&#8221; button_text_color=&#8221;#09B6D7&#8243; button_bg_color=&#8221;RGBA(255,255,255,0)&#8221; button_border_width=&#8221;2px&#8221; button_border_color=&#8221;#09b6d7&#8243; button_border_radius=&#8221;0px&#8221; button_font=&#8221;Open Sans|700||on|||||&#8221; button_use_icon=&#8221;off&#8221; custom_margin=&#8221;0px||||false|false&#8221; custom_padding=&#8221;6px|35px|6px|35px|true|false&#8221; locked=&#8221;off&#8221; global_colors_info=&#8221;{}&#8221; button_bg_color__hover_enabled=&#8221;on|hover&#8221; button_bg_color__hover=&#8221;#09B6D7&#8243; button_text_color__hover_enabled=&#8221;on|desktop&#8221; button_text_color__hover=&#8221;#FFFFFF&#8221; button_border_color__hover_enabled=&#8221;on|hover&#8221; button_border_color__hover=&#8221;#09B6D7&#8243; button_bg_enable_color__hover=&#8221;on&#8221; button_icon_color__hover_enabled=&#8221;on|hover&#8221; button_icon_color__hover=&#8221;#09B6D7&#8243; theme_builder_area=&#8221;post_content&#8221;][\/et_pb_button][et_pb_button button_url=&#8221;\/veda-vyzkum\/publikace\/&#8221; button_text=&#8221;Publications&#8221; button_alignment=&#8221;center&#8221; disabled_on=&#8221;on|on|on&#8221; module_class=&#8221;flex-btn&#8221; _builder_version=&#8221;4.22.2&#8243; custom_button=&#8221;on&#8221; button_text_size=&#8221;18px&#8221; button_text_color=&#8221;#09B6D7&#8243; button_bg_color=&#8221;RGBA(255,255,255,0)&#8221; button_border_width=&#8221;2px&#8221; button_border_color=&#8221;#09b6d7&#8243; button_border_radius=&#8221;0px&#8221; button_font=&#8221;Open Sans|700||on|||||&#8221; button_use_icon=&#8221;off&#8221; custom_margin=&#8221;0px||||false|false&#8221; custom_padding=&#8221;6px|35px|6px|35px|true|false&#8221; disabled=&#8221;on&#8221; locked=&#8221;off&#8221; global_colors_info=&#8221;{}&#8221; button_bg_color__hover_enabled=&#8221;on|hover&#8221; button_bg_color__hover=&#8221;#09B6D7&#8243; button_text_color__hover_enabled=&#8221;on|desktop&#8221; button_text_color__hover=&#8221;#FFFFFF&#8221; button_border_color__hover_enabled=&#8221;on|hover&#8221; button_border_color__hover=&#8221;#09B6D7&#8243; button_bg_enable_color__hover=&#8221;on&#8221; button_icon_color__hover_enabled=&#8221;on|hover&#8221; button_icon_color__hover=&#8221;#09B6D7&#8243; theme_builder_area=&#8221;post_content&#8221;][\/et_pb_button][et_pb_button button_url=&#8221;\/veda-vyzkum\/konference\/&#8221; button_text=&#8221;Conferences&#8221; button_alignment=&#8221;center&#8221; disabled_on=&#8221;on|on|on&#8221; module_class=&#8221;flex-btn&#8221; _builder_version=&#8221;4.22.2&#8243; custom_button=&#8221;on&#8221; button_text_size=&#8221;18px&#8221; button_text_color=&#8221;#09B6D7&#8243; button_bg_color=&#8221;RGBA(255,255,255,0)&#8221; button_border_width=&#8221;2px&#8221; button_border_color=&#8221;#09b6d7&#8243; button_border_radius=&#8221;0px&#8221; button_font=&#8221;Open Sans|700||on|||||&#8221; button_use_icon=&#8221;off&#8221; custom_margin=&#8221;0px||||false|false&#8221; custom_padding=&#8221;6px|35px|6px|35px|true|false&#8221; disabled=&#8221;on&#8221; locked=&#8221;off&#8221; global_colors_info=&#8221;{}&#8221; button_bg_color__hover_enabled=&#8221;on|hover&#8221; button_bg_color__hover=&#8221;#09B6D7&#8243; button_text_color__hover_enabled=&#8221;on|desktop&#8221; button_text_color__hover=&#8221;#FFFFFF&#8221; button_border_color__hover_enabled=&#8221;on|hover&#8221; button_border_color__hover=&#8221;#09B6D7&#8243; button_bg_enable_color__hover=&#8221;on&#8221; button_icon_color__hover_enabled=&#8221;on|hover&#8221; button_icon_color__hover=&#8221;#09B6D7&#8243; theme_builder_area=&#8221;post_content&#8221;][\/et_pb_button][\/et_pb_column][\/et_pb_row][\/et_pb_section]<\/p>\n","protected":false},"excerpt":{"rendered":"<p>Research CentresResearch at the Department of Philosophy<\/p>\n","protected":false},"author":1,"featured_media":0,"parent":9497,"menu_order":0,"comment_status":"closed","ping_status":"closed","template":"","meta":{"_et_pb_use_builder":"on","_et_pb_old_content":"<h2>Str\u00e1nku pro v\u00e1s p\u0159ipravujeme<\/h2>","_et_gb_content_width":"","footnotes":""},"acf":[],"_links":{"self":[{"href":"https:\/\/kfi.zcu.cz\/en\/wp-json\/wp\/v2\/pages\/10376"}],"collection":[{"href":"https:\/\/kfi.zcu.cz\/en\/wp-json\/wp\/v2\/pages"}],"about":[{"href":"https:\/\/kfi.zcu.cz\/en\/wp-json\/wp\/v2\/types\/page"}],"author":[{"embeddable":true,"href":"https:\/\/kfi.zcu.cz\/en\/wp-json\/wp\/v2\/users\/1"}],"replies":[{"embeddable":true,"href":"https:\/\/kfi.zcu.cz\/en\/wp-json\/wp\/v2\/comments?post=10376"}],"version-history":[{"count":4,"href":"https:\/\/kfi.zcu.cz\/en\/wp-json\/wp\/v2\/pages\/10376\/revisions"}],"predecessor-version":[{"id":10552,"href":"https:\/\/kfi.zcu.cz\/en\/wp-json\/wp\/v2\/pages\/10376\/revisions\/10552"}],"up":[{"embeddable":true,"href":"https:\/\/kfi.zcu.cz\/en\/wp-json\/wp\/v2\/pages\/9497"}],"wp:attachment":[{"href":"https:\/\/kfi.zcu.cz\/en\/wp-json\/wp\/v2\/media?parent=10376"}],"curies":[{"name":"wp","href":"https:\/\/api.w.org\/{rel}","templated":true}]}}