{"id":10269,"date":"2023-10-27T08:52:10","date_gmt":"2023-10-27T06:52:10","guid":{"rendered":"https:\/\/kfi2.zcu.cz\/?page_id=10269"},"modified":"2024-12-06T08:22:56","modified_gmt":"2024-12-06T07:22:56","slug":"doctoral-program","status":"publish","type":"page","link":"https:\/\/kfi.zcu.cz\/en\/students\/programs\/doctoral-program\/","title":{"rendered":"Doctoral Program"},"content":{"rendered":"<p>[et_pb_section fb_built=&#8221;1&#8243; fullwidth=&#8221;on&#8221; disabled_on=&#8221;on|off|off&#8221; _builder_version=&#8221;4.16&#8243; background_color=&#8221;#f2f5fa&#8221; custom_margin=&#8221;0px||0px&#8221; custom_padding=&#8221;0||0||true|false&#8221; saved_tabs=&#8221;all&#8221; global_colors_info=&#8221;{}&#8221;][et_pb_fullwidth_menu menu_id=&#8221;241&#8243; submenu_direction=&#8221;downwards&#8221; fullwidth_menu=&#8221;off&#8221; active_link_color=&#8221;#173868&#8243; admin_label=&#8221;Fullwidth Menu&#8221; _builder_version=&#8221;4.22.2&#8243; menu_font=&#8221;Roboto Condensed|700||on|||||&#8221; menu_text_color=&#8221;#8099B4&#8243; background_color=&#8221;#FFFFFF&#8221; custom_margin=&#8221;0px||0px&#8221; custom_padding=&#8221;0px||0px&#8221; z_index_tablet=&#8221;500&#8243; global_colors_info=&#8221;{}&#8221; menu_text_color__hover_enabled=&#8221;on|desktop&#8221; menu_text_color__hover=&#8221;#173868&#8243;][\/et_pb_fullwidth_menu][\/et_pb_section][et_pb_section fb_built=&#8221;1&#8243; _builder_version=&#8221;4.22.2&#8243; background_color=&#8221;#f2f5fa&#8221; background_enable_image=&#8221;off&#8221; custom_padding=&#8221;0px||30px||false|false&#8221; saved_tabs=&#8221;all&#8221; global_colors_info=&#8221;{}&#8221;][et_pb_row _builder_version=&#8221;4.16&#8243; background_color=&#8221;#f2f5fa&#8221; min_height=&#8221;13px&#8221; custom_margin=&#8221;0px||0px||true&#8221; custom_padding=&#8221;5px||5px||true|&#8221; global_colors_info=&#8221;{}&#8221;][et_pb_column type=&#8221;4_4&#8243; _builder_version=&#8221;4.16&#8243; custom_padding=&#8221;|||&#8221; global_colors_info=&#8221;{}&#8221; custom_padding__hover=&#8221;|||&#8221;][et_pb_dmb_breadcrumbs font_icon=&#8221;%%20%%&#8221; use_home_text=&#8221;on&#8221; home_text=&#8221;\u00davod&#8221; show_category_crumbs=&#8221;off&#8221; show_custom_taxonomy_crumbs=&#8221;off&#8221; _builder_version=&#8221;4.16&#8243; body_font=&#8221;||||||||&#8221; body_text_color=&#8221;#8099b4&#8243; body_font_size=&#8221;12px&#8221; body_line_height=&#8221;16px&#8221; separator_text_color=&#8221;#8099b4&#8243; separator_font_size=&#8221;16px&#8221; separator_line_height=&#8221;16px&#8221; link_font=&#8221;||||||||&#8221; link_text_color=&#8221;#09b6d7&#8243; link_font_size=&#8221;12px&#8221; link_line_height=&#8221;16px&#8221; linkhover_font=&#8221;||||||||&#8221; custom_margin=&#8221;0px||0px||true&#8221; custom_padding=&#8221;4px||3px||false&#8221; global_colors_info=&#8221;{}&#8221;][\/et_pb_dmb_breadcrumbs][\/et_pb_column][\/et_pb_row][et_pb_row _builder_version=&#8221;4.16&#8243; custom_margin=&#8221;0px||0px||true|true&#8221; custom_margin_tablet=&#8221;&#8221; custom_margin_phone=&#8221;15px||5px&#8221; custom_margin_last_edited=&#8221;on|desktop&#8221; custom_padding=&#8221;10px||10px||false|true&#8221; global_colors_info=&#8221;{}&#8221;][et_pb_column type=&#8221;4_4&#8243; _builder_version=&#8221;4.16&#8243; custom_padding=&#8221;|||&#8221; global_colors_info=&#8221;{}&#8221; custom_padding__hover=&#8221;|||&#8221;][et_pb_text _builder_version=&#8221;4.22.2&#8243; text_font=&#8221;||||||||&#8221; header_font=&#8221;Roboto Condensed|||on|||||&#8221; header_text_align=&#8221;center&#8221; header_text_color=&#8221;#8099b4&#8243; header_font_size=&#8221;40px&#8221; header_line_height=&#8221;1.4em&#8221; header_2_font=&#8221;Roboto Condensed|||on|||||&#8221; header_2_text_align=&#8221;center&#8221; header_2_text_color=&#8221;#8099b4&#8243; header_2_font_size=&#8221;40px&#8221; header_2_line_height=&#8221;1.4em&#8221; custom_margin=&#8221;||&#8221; custom_padding=&#8221;||&#8221; header_font_size_tablet=&#8221;35px&#8221; header_font_size_phone=&#8221;30px&#8221; header_font_size_last_edited=&#8221;on|desktop&#8221; header_line_height_tablet=&#8221;40px&#8221; header_line_height_phone=&#8221;35px&#8221; header_line_height_last_edited=&#8221;on|phone&#8221; header_2_font_size_tablet=&#8221;35px&#8221; header_2_font_size_phone=&#8221;30px&#8221; header_2_font_size_last_edited=&#8221;on|desktop&#8221; header_2_line_height_tablet=&#8221;40px&#8221; header_2_line_height_phone=&#8221;35px&#8221; header_2_line_height_last_edited=&#8221;on|phone&#8221; global_colors_info=&#8221;{}&#8221;]<\/p>\n<h1>Doctoral Program<\/h1>\n<p>[\/et_pb_text][\/et_pb_column][\/et_pb_row][et_pb_row use_custom_gutter=&#8221;on&#8221; gutter_width=&#8221;2&#8243; make_equal=&#8221;on&#8221; custom_padding_last_edited=&#8221;on|phone&#8221; _builder_version=&#8221;4.16&#8243; background_color=&#8221;#ffffff&#8221; custom_margin=&#8221;15px||15px||true&#8221; custom_padding=&#8221;40px|50px|40px|50px|true|true&#8221; custom_padding_tablet=&#8221;&#8221; custom_padding_phone=&#8221;20px|20px|20px|20px|true|true&#8221; locked=&#8221;off&#8221; global_colors_info=&#8221;{}&#8221;][et_pb_column type=&#8221;4_4&#8243; _builder_version=&#8221;4.16&#8243; custom_padding=&#8221;|||&#8221; global_colors_info=&#8221;{}&#8221; custom_padding__hover=&#8221;|||&#8221;][et_pb_text _builder_version=&#8221;4.22.2&#8243; text_font=&#8221;||||||||&#8221; header_3_font=&#8221;Roboto Condensed|700|||||||&#8221; header_3_text_color=&#8221;#8099b4&#8243; header_3_font_size=&#8221;26px&#8221; header_3_line_height=&#8221;1.2em&#8221; header_3_font_size_tablet=&#8221;24px&#8221; header_3_font_size_phone=&#8221;22px&#8221; header_3_font_size_last_edited=&#8221;on|tablet&#8221; header_3_line_height_tablet=&#8221;1.2em&#8221; header_3_line_height_phone=&#8221;1.2em&#8221; header_3_line_height_last_edited=&#8221;on|desktop&#8221; global_colors_info=&#8221;{}&#8221;]<\/p>\n<h3>PHILOSOPHY AND HISTORY OF SCIENCE AND TECHNOLOGY<\/h3>\n<p>The doctoral degree program<span>\u00a0<\/span><em>Philosophy and History of Science and Technology<\/em><span>\u00a0<\/span>is built upon the collaboration of the Institute of Philosophy of the Czech Academy of Sciences and the Faculty of Philosophy of the University of West Bohemia in Pilsen. Thus, the workplaces are both the Institute of Philosophy of the ASCR (Jilsk\u00e1 1, Prague 1) and the Department of Philosophy, Faculty of Arts, UWB (Sedl\u00e1\u010dkova 19, Plze\u0148). There is the possibility of a full-time or part-time form of study, with the standard length of 4 years and it is also accredited in English. The guarantor of this program is doc. PhDr. Vladimir Havlik, CSc.<\/p>\n<p><a href=\"https:\/\/portal.zcu.cz\/StagPortletsJSR168\/CleanUrl?urlid=prohlizeni-browser-program&amp;browserFakulta=FF&amp;browserRok=2024&amp;browserProgram=1880&amp;plang=en\" target=\"_blank\" rel=\"noopener\">Practical information<\/a><span>\u00a0<\/span>and<span>\u00a0<\/span>documents.<\/p>\n<h3>Introduction to Doctoral Studies<\/h3>\n<p>On this page, beginner Ph.D. students will find information on how and where to publish, what projects to engage in and others.<\/p>\n<p>Study in doctoral study program at the Department of Philosophy of the Faculty of Arts of the University of West Bohemia in Plze\u0148 in accordance with the wording of Act No. 111\/1998 Coll. \u00a7 47 and according to the internal regulations of UWB and its faculties. The program is open not only to graduates of the Department of Philosophy of the University of West Bohemia, but also to graduates of master programs of other departments and universities and to students from foreign universities.<\/p>\n<p>Basic information about the Ph.D. program:<\/p>\n<ul>\n<li>The study starts on the day of enrollment.<\/li>\n<li>You can study full-time or in combined (half-distance) form.<\/li>\n<li>The standard length of study is three years (+ 1 year) for full-time students and\u00a0also\u00a0for students in combined form.<\/li>\n<li>The maximum period of study is eight years.<\/li>\n<li>Students study mainly individually under the supervision of a supervisor, the support of a consultant is possible.<\/li>\n<li>The students\u2019 study progress is monitored and evaluated by the Branch Council.<\/li>\n<li>Full-time students are provided with a scholarship.<\/li>\n<li>The study is duly completed by the state doctoral examination and the defense of the dissertation.<\/li>\n<li>As evidence of the proper completion of the program and ofthe acquisition of the relevant academic degree students receive a university diploma and a diploma supplement issued by the university at graduation.<\/li>\n<li>Graduates are awarded the academic title &#8220;Doctor&#8221; (abbreviated as &#8220;Ph.D.&#8221; after their name).<\/li>\n<\/ul>\n<h4>Program characteristics:<\/h4>\n<p>Due to its interdisciplinary character, the main objective of the doctoral degree program Philosophy and History of Science and Technology is to examine the origin and development of individual scientific hypotheses, concepts, and theories, together with their technical applications from the broader philosophical, historical and social perspective.<\/p>\n<p>The purpose of this program is to deepen the systematic understanding of issues regarding philosophy, methodology, and history of science and technology, whereas philosophy is conceived as both a source and a critical reflection of the contemporary worldview and knowledge. Furthermore, the program aims to understand and interpret the historical development of science and scientific knowledge as part of cultural history. Thus, science is not examined separately, but in the context of social and cultural contexts \u2013 both in terms of the conditions for the emergence of scientific knowledge and its consequences, especially related to technical development. Technology, as a consequence of scientific development, is reflected on, with special regard to the extent to which technical developments change the concept of man and his relationship to the world.<\/p>\n<p>In addition to the traditional historical-philosophical research of the history of science and technology, this program provides scope for theoretical reflection on new technologies, and therefore establishes a platform for interdisciplinary research, focusing particularly on topics concerning philosophy of language and mind, artificial intelligence, and cognitive sciences.<\/p>\n<h4>Profile and employability:<\/h4>\n<p>The graduates of this program demonstrate systematic knowledge of the history of philosophy and science and technology, are familiar with the current developments and conceptions in these disciplines both in the cultural and social context, whereas detailed knowledge of issues related to the topic of their dissertation is required.<\/p>\n<p>The graduates can conduct independent and original scientific research activities. Special attention is paid to the critical choice of methods, the composition of an appropriate theoretical background, the ability to conduct analyses of theoretical and empirical evidence, and the personal contribution leading to the solution of problematic matters. They can conduct original research and carry out a rational reconstruction of the development of science, a scientific discipline, scientific theory, or a particular problem. Furthermore, they manage to critically analyze the current state of knowledge, independently formulate problems and solve them using innovative methods. They can present the results of their research orally or in the form of a professional publication or research project.<\/p>\n<p>They know how to popularize science and technology and manage to defend their positions both before an expert commission and the general public in two world languages. The graduates show independence and professional and personal integrity, which are necessary for the critical evaluation of existing knowledge and professional approaches as well as for the proposition of new ones.<\/p>\n<p>The graduates are therefore suitable for work in the academic and scientific research spheres, however, they are also equipped for pedagogical career or popularization activities. They can find employment not only at universities or research institutes but also in education and educational institutions or in cultural and historical institutions.<\/p>\n<p>[\/et_pb_text][\/et_pb_column][\/et_pb_row][\/et_pb_section][et_pb_section fb_built=&#8221;1&#8243; _builder_version=&#8221;4.22.2&#8243; _module_preset=&#8221;default&#8221; background_color=&#8221;#f2f5fa&#8221; background_enable_color=&#8221;off&#8221; background_image=&#8221;https:\/\/kfi.zcu.cz\/wp-content\/uploads\/2022\/07\/faris-mohammed-d30sszrw7vw-unsplash-scaled.jpg&#8221; width=&#8221;100%&#8221; max_width=&#8221;1180px&#8221; module_alignment=&#8221;center&#8221; custom_margin=&#8221;20px|0px|20px|0px|true|false&#8221; custom_padding=&#8221;0px|0px|0px|0px|false|false&#8221; global_module=&#8221;10527&#8243; saved_tabs=&#8221;all&#8221; global_colors_info=&#8221;{}&#8221;][et_pb_row column_structure=&#8221;1_3,1_3,1_3&#8243; use_custom_gutter=&#8221;on&#8221; gutter_width=&#8221;1&#8243; make_equal=&#8221;on&#8221; padding_top_bottom_link_1=&#8221;true&#8221; padding_top_bottom_link_2=&#8221;true&#8221; padding_top_bottom_link_3=&#8221;true&#8221; module_class=&#8221;blue-col&#8221; _builder_version=&#8221;4.16&#8243; background_enable_image=&#8221;off&#8221; width=&#8221;100%&#8221; custom_padding=&#8221;0px|0px|0px|0px|false|false&#8221; global_colors_info=&#8221;{}&#8221;][et_pb_column type=&#8221;1_3&#8243; _builder_version=&#8221;4.22.2&#8243; background_color=&#8221;rgba(9,182,215,0.8)&#8221; background_color_gradient_start=&#8221;rgba(0,162,226,0.7)&#8221; background_color_gradient_end=&#8221;rgba(0,162,226,0.7)&#8221; background_enable_image=&#8221;off&#8221; custom_padding=&#8221;50px||25px||false|false&#8221; link_option_url=&#8221;\/en\/students\/programs\/bachelor&#8221; border_width_all=&#8221;2px&#8221; border_color_all=&#8221;#f2f5fa&#8221; global_colors_info=&#8221;{}&#8221; custom_padding__hover=&#8221;|||&#8221;][et_pb_text _builder_version=&#8221;4.22.2&#8243; text_font=&#8221;||||||||&#8221; text_font_size=&#8221;15px&#8221; header_font=&#8221;||||||||&#8221; header_3_font=&#8221;Roboto Condensed|700||on|on||||&#8221; header_3_text_align=&#8221;center&#8221; header_3_text_color=&#8221;#ffffff&#8221; header_3_font_size=&#8221;26px&#8221; header_3_line_height=&#8221;1.2em&#8221; text_orientation=&#8221;center&#8221; background_layout=&#8221;dark&#8221; min_height=&#8221;80px&#8221; custom_margin=&#8221;10px|20px||20px|false|true&#8221; custom_padding=&#8221;||&#8221; global_colors_info=&#8221;{}&#8221; header_3_text_color__hover=&#8221;rgba(255,255,255,0.9)&#8221; header_3_text_color__hover_enabled=&#8221;on&#8221;]<\/p>\n<h3><a href=\"\/en\/students\/programs\/bachelor\">Bachelor&#8217;s programs<\/a><\/h3>\n<p>[\/et_pb_text][\/et_pb_column][et_pb_column type=&#8221;1_3&#8243; _builder_version=&#8221;4.22.2&#8243; background_color=&#8221;rgba(9,182,215,0.8)&#8221; background_color_gradient_start=&#8221;rgba(0,162,226,0.7)&#8221; background_color_gradient_end=&#8221;rgba(0,162,226,0.7)&#8221; background_enable_image=&#8221;off&#8221; custom_padding=&#8221;50px||25px||false|false&#8221; link_option_url=&#8221;\/en\/students\/programs\/master&#8221; border_width_all=&#8221;2px&#8221; border_color_all=&#8221;#f2f5fa&#8221; global_colors_info=&#8221;{}&#8221; custom_padding__hover=&#8221;|||&#8221;][et_pb_text _builder_version=&#8221;4.22.2&#8243; text_font=&#8221;||||||||&#8221; text_font_size=&#8221;15px&#8221; header_font=&#8221;||||||||&#8221; header_3_font=&#8221;Roboto Condensed|700||on|on||||&#8221; header_3_text_align=&#8221;center&#8221; header_3_text_color=&#8221;#ffffff&#8221; header_3_font_size=&#8221;26px&#8221; header_3_line_height=&#8221;1.2em&#8221; text_orientation=&#8221;center&#8221; background_layout=&#8221;dark&#8221; min_height=&#8221;80px&#8221; custom_margin=&#8221;10px|20px||20px|false|true&#8221; custom_padding=&#8221;||&#8221; global_colors_info=&#8221;{}&#8221; header_3_text_color__hover=&#8221;rgba(255,255,255,0.9)&#8221; header_3_text_color__hover_enabled=&#8221;on&#8221;]<\/p>\n<h3><a href=\"\/en\/students\/programs\/master\">Master&#8217;s programs<\/a><\/h3>\n<p>[\/et_pb_text][\/et_pb_column][et_pb_column type=&#8221;1_3&#8243; _builder_version=&#8221;4.22.2&#8243; background_color=&#8221;rgba(9,182,215,0.8)&#8221; background_color_gradient_start=&#8221;rgba(0,162,226,0.7)&#8221; background_color_gradient_end=&#8221;rgba(0,162,226,0.7)&#8221; background_enable_image=&#8221;off&#8221; custom_padding=&#8221;50px||25px||false|false&#8221; link_option_url=&#8221;\/en\/students\/programs\/doctoral-program&#8221; border_width_all=&#8221;2px&#8221; border_color_all=&#8221;#f2f5fa&#8221; global_colors_info=&#8221;{}&#8221; custom_padding__hover=&#8221;|||&#8221;][et_pb_text _builder_version=&#8221;4.22.2&#8243; text_font=&#8221;||||||||&#8221; text_font_size=&#8221;15px&#8221; header_font=&#8221;||||||||&#8221; header_3_font=&#8221;Roboto Condensed|700||on|on||||&#8221; header_3_text_align=&#8221;center&#8221; header_3_text_color=&#8221;#ffffff&#8221; header_3_font_size=&#8221;26px&#8221; header_3_line_height=&#8221;1.2em&#8221; text_orientation=&#8221;center&#8221; background_layout=&#8221;dark&#8221; min_height=&#8221;80px&#8221; custom_margin=&#8221;10px|20px||20px|false|true&#8221; custom_padding=&#8221;||&#8221; global_colors_info=&#8221;{}&#8221; header_3_text_color__hover=&#8221;rgba(255,255,255,0.9)&#8221; header_3_text_color__hover_enabled=&#8221;on&#8221;]<\/p>\n<h3><a href=\"\/en\/students\/programs\/doctoral-program\">Doctoral program<\/a><\/h3>\n<p>[\/et_pb_text][\/et_pb_column][\/et_pb_row][et_pb_row column_structure=&#8221;1_3,1_3,1_3&#8243; use_custom_gutter=&#8221;on&#8221; gutter_width=&#8221;1&#8243; make_equal=&#8221;on&#8221; padding_top_bottom_link_1=&#8221;true&#8221; padding_top_bottom_link_2=&#8221;true&#8221; padding_top_bottom_link_3=&#8221;true&#8221; module_class=&#8221;blue-col&#8221; _builder_version=&#8221;4.16&#8243; background_enable_image=&#8221;off&#8221; width=&#8221;100%&#8221; custom_padding=&#8221;0px|0px|0px|0px|false|false&#8221; global_colors_info=&#8221;{}&#8221;][et_pb_column type=&#8221;1_3&#8243; _builder_version=&#8221;4.22.2&#8243; background_color=&#8221;rgba(9,182,215,0.8)&#8221; background_color_gradient_start=&#8221;rgba(0,162,226,0.7)&#8221; background_color_gradient_end=&#8221;rgba(0,162,226,0.7)&#8221; background_enable_image=&#8221;off&#8221; custom_padding=&#8221;50px||25px||false|false&#8221; link_option_url=&#8221;\/en\/students\/erasmus-courses\/&#8221; border_width_all=&#8221;2px&#8221; border_color_all=&#8221;#f2f5fa&#8221; global_colors_info=&#8221;{}&#8221; custom_padding__hover=&#8221;|||&#8221;][et_pb_text _builder_version=&#8221;4.22.2&#8243; text_font=&#8221;||||||||&#8221; text_font_size=&#8221;15px&#8221; header_font=&#8221;||||||||&#8221; header_3_font=&#8221;Roboto Condensed|700||on|on||||&#8221; header_3_text_align=&#8221;center&#8221; header_3_text_color=&#8221;#ffffff&#8221; header_3_font_size=&#8221;26px&#8221; header_3_line_height=&#8221;1.2em&#8221; text_orientation=&#8221;center&#8221; background_layout=&#8221;dark&#8221; min_height=&#8221;80px&#8221; custom_margin=&#8221;10px|20px||20px|false|true&#8221; custom_padding=&#8221;||&#8221; global_colors_info=&#8221;{}&#8221; header_3_text_color__hover=&#8221;rgba(255,255,255,0.9)&#8221; header_3_text_color__hover_enabled=&#8221;on&#8221;]<\/p>\n<h3><a href=\"\/en\/students\/erasmus-courses\/\">Erasmus+ courses<\/a><\/h3>\n<p>[\/et_pb_text][\/et_pb_column][et_pb_column type=&#8221;1_3&#8243; _builder_version=&#8221;4.22.2&#8243; background_color=&#8221;rgba(9,182,215,0.8)&#8221; background_color_gradient_start=&#8221;rgba(0,162,226,0.7)&#8221; background_color_gradient_end=&#8221;rgba(0,162,226,0.7)&#8221; background_enable_image=&#8221;off&#8221; custom_padding=&#8221;50px||25px||false|false&#8221; border_width_all=&#8221;2px&#8221; border_color_all=&#8221;#f2f5fa&#8221; global_colors_info=&#8221;{}&#8221; custom_padding__hover=&#8221;|||&#8221;][et_pb_text _builder_version=&#8221;4.22.2&#8243; text_font=&#8221;||||||||&#8221; text_font_size=&#8221;15px&#8221; header_font=&#8221;||||||||&#8221; header_3_font=&#8221;Roboto Condensed|700||on|on||||&#8221; header_3_text_align=&#8221;center&#8221; header_3_text_color=&#8221;#ffffff&#8221; header_3_font_size=&#8221;26px&#8221; header_3_line_height=&#8221;1.2em&#8221; text_orientation=&#8221;center&#8221; background_layout=&#8221;dark&#8221; min_height=&#8221;80px&#8221; custom_margin=&#8221;10px|20px||20px|false|true&#8221; custom_padding=&#8221;||&#8221; global_colors_info=&#8221;{}&#8221; header_3_text_color__hover=&#8221;rgba(255,255,255,0.9)&#8221; header_3_text_color__hover_enabled=&#8221;on&#8221;]<\/p>\n<h3>Examen rigorosum<\/h3>\n<p>[\/et_pb_text][\/et_pb_column][et_pb_column type=&#8221;1_3&#8243; _builder_version=&#8221;4.22.2&#8243; background_color=&#8221;rgba(9,182,215,0.8)&#8221; background_color_gradient_start=&#8221;rgba(0,162,226,0.7)&#8221; background_color_gradient_end=&#8221;rgba(0,162,226,0.7)&#8221; background_enable_image=&#8221;off&#8221; custom_padding=&#8221;50px||25px||false|false&#8221; link_option_url=&#8221;\/en\/students\/certificate\/&#8221; border_width_all=&#8221;2px&#8221; border_color_all=&#8221;#f2f5fa&#8221; global_colors_info=&#8221;{}&#8221; custom_padding__hover=&#8221;|||&#8221;][et_pb_text _builder_version=&#8221;4.22.2&#8243; text_font=&#8221;||||||||&#8221; text_font_size=&#8221;15px&#8221; header_font=&#8221;||||||||&#8221; header_3_font=&#8221;Roboto Condensed|700||on|on||||&#8221; header_3_text_align=&#8221;center&#8221; header_3_text_color=&#8221;#ffffff&#8221; header_3_font_size=&#8221;26px&#8221; header_3_line_height=&#8221;1.2em&#8221; text_orientation=&#8221;center&#8221; background_layout=&#8221;dark&#8221; min_height=&#8221;80px&#8221; custom_margin=&#8221;10px|20px||20px|false|true&#8221; custom_padding=&#8221;||&#8221; global_colors_info=&#8221;{}&#8221; header_3_text_color__hover=&#8221;rgba(255,255,255,0.9)&#8221; header_3_text_color__hover_enabled=&#8221;on&#8221;]<\/p>\n<h3><a href=\"\/en\/students\/certificate\/\">Certificate program<\/a><\/h3>\n<p>[\/et_pb_text][\/et_pb_column][\/et_pb_row][\/et_pb_section]<\/p>\n","protected":false},"excerpt":{"rendered":"<p>Doctoral ProgramPHILOSOPHY AND HISTORY OF SCIENCE AND TECHNOLOGY The doctoral degree program\u00a0Philosophy and History of Science and Technology\u00a0is built upon the collaboration of the Institute of Philosophy of the Czech Academy of Sciences and the Faculty of Philosophy of the University of West Bohemia in Pilsen. Thus, the workplaces are both the Institute of Philosophy [&hellip;]<\/p>\n","protected":false},"author":8,"featured_media":0,"parent":9740,"menu_order":0,"comment_status":"closed","ping_status":"closed","template":"","meta":{"_et_pb_use_builder":"on","_et_pb_old_content":"","_et_gb_content_width":"","footnotes":""},"acf":[],"_links":{"self":[{"href":"https:\/\/kfi.zcu.cz\/en\/wp-json\/wp\/v2\/pages\/10269"}],"collection":[{"href":"https:\/\/kfi.zcu.cz\/en\/wp-json\/wp\/v2\/pages"}],"about":[{"href":"https:\/\/kfi.zcu.cz\/en\/wp-json\/wp\/v2\/types\/page"}],"author":[{"embeddable":true,"href":"https:\/\/kfi.zcu.cz\/en\/wp-json\/wp\/v2\/users\/8"}],"replies":[{"embeddable":true,"href":"https:\/\/kfi.zcu.cz\/en\/wp-json\/wp\/v2\/comments?post=10269"}],"version-history":[{"count":7,"href":"https:\/\/kfi.zcu.cz\/en\/wp-json\/wp\/v2\/pages\/10269\/revisions"}],"predecessor-version":[{"id":12563,"href":"https:\/\/kfi.zcu.cz\/en\/wp-json\/wp\/v2\/pages\/10269\/revisions\/12563"}],"up":[{"embeddable":true,"href":"https:\/\/kfi.zcu.cz\/en\/wp-json\/wp\/v2\/pages\/9740"}],"wp:attachment":[{"href":"https:\/\/kfi.zcu.cz\/en\/wp-json\/wp\/v2\/media?parent=10269"}],"curies":[{"name":"wp","href":"https:\/\/api.w.org\/{rel}","templated":true}]}}